{"id":87,"date":"2022-04-07T13:16:05","date_gmt":"2022-04-07T11:16:05","guid":{"rendered":"https:\/\/brffridhem20.se\/?page_id=87"},"modified":"2022-12-13T01:14:03","modified_gmt":"2022-12-13T00:14:03","slug":"andrahandsuthyrning","status":"publish","type":"page","link":"https:\/\/brffridhem20.se\/?page_id=87","title":{"rendered":"Andrahandsuthyrning"},"content":{"rendered":"<p>[et_pb_section fb_built=&#8221;1&#8243; _builder_version=&#8221;4.16.1&#8243; _module_preset=&#8221;default&#8221; use_background_color_gradient=&#8221;on&#8221; background_color_gradient_stops=&#8221;rgba(0,0,0,0.38) 1%|rgba(0,0,0,0.4) 99%&#8221; background_color_gradient_overlays_image=&#8221;on&#8221; background_image=&#8221;https:\/\/brffridhem20.se\/wp-content\/uploads\/2022\/04\/BRF-Fridhem-Malmo\u0308-1.jpeg&#8221; max_width=&#8221;97%&#8221; module_alignment=&#8221;center&#8221; custom_padding=&#8221;195px||195px||true|false&#8221; border_width_bottom=&#8221;6px&#8221; border_color_bottom=&#8221;#C0D6C5&#8243; global_colors_info=&#8221;{}&#8221;][\/et_pb_section][et_pb_section fb_built=&#8221;1&#8243; _builder_version=&#8221;4.16.1&#8243; _module_preset=&#8221;default&#8221; custom_padding=&#8221;84px||84px||true|&#8221; global_colors_info=&#8221;{}&#8221;][et_pb_row column_structure=&#8221;3_4,1_4&#8243; _builder_version=&#8221;4.16.1&#8243; _module_preset=&#8221;default&#8221; global_colors_info=&#8221;{}&#8221;][et_pb_column type=&#8221;3_4&#8243; _builder_version=&#8221;4.16.1&#8243; _module_preset=&#8221;default&#8221; global_colors_info=&#8221;{}&#8221;][et_pb_text _builder_version=&#8221;4.16.1&#8243; _module_preset=&#8221;default&#8221; header_font_size=&#8221;45px&#8221; header_line_height=&#8221;1.7em&#8221; header_3_font=&#8221;|||on|||||&#8221; header_3_text_color=&#8221;#33633D&#8221; header_3_font_size=&#8221;16px&#8221; width=&#8221;75.1%&#8221; custom_padding=&#8221;|0px||||&#8221; global_colors_info=&#8221;{}&#8221;]<\/p>\n<h3><span><\/span><\/h3>\n<p><span style=\"font-size: 16px; color: #33633d; font-family: 'Abhaya Libre', Georgia, 'Times New Roman', serif; text-transform: uppercase;\">Brf Fridhem 20 &#8211; F\u00f6r dig som boende<\/span><\/p>\n<h1><span>Andrahandsuthyrning<\/span><\/h1>\n<p><span style=\"font-size: 14px;\">All uthyrning ska godk\u00e4nnas av styrelsen i f\u00f6rv\u00e4g.<\/span><strong><\/strong><\/p>\n<p><span>L\u00e4s noggrant igenom <strong>riktlinjer f\u00f6r andrahandsuthyrning<\/strong> innan ni ans\u00f6ker om uthyrning av ert boende, kontakta oss g\u00e4rna om n\u00e5gra fr\u00e5getecken kvarst\u00e5r.<\/span><strong><\/strong><\/p>\n<p><span>F\u00f6reningen tar ut en \u00e5rlig avgift motsvarande 10% av g\u00e4llande prisbasbelopp enligt <br \/>f\u00f6reningens stadgar. Avgiften betalas av bostadsr\u00e4ttshavaren.<\/span><\/p>\n<p><span>Ladda ner aktuell version av Riktlinjer f\u00f6r Andrahandsuthyrning i pdf-format via knappen nedan. Det \u00e4r alltid senaste versionen som g\u00e4ller.<\/span><\/p>\n<p><span><\/span><\/p>\n<p><span><\/span><\/p>\n<p><strong>Process f\u00f6r ans\u00f6kan om andrahandsuthyrning:<\/strong><strong><\/strong><\/p>\n<p><strong>1. <\/strong>F\u00f6r att ans\u00f6ka om andrahandsuthyrning<span> loggar du in p\u00e5 Nabo portalen, <span style=\"text-decoration: underline;\"><a href=\"https:\/\/portal.nabo.se\/kundportal\/login\">https:\/\/portal.nabo.se\/kundportal\/login<\/a><\/span> och v\u00e4ljer \u201dDin l\u00e4genhet\/lokal\u201d, och klickar d\u00e4r p\u00e5 rutan uppe till h\u00f6ger: <\/span><em>\u201dAns\u00f6kan om andrahandsuthyrning\u201d<\/em><span>.<\/span><span style=\"font-size: 14px;\">\u00a0<\/span><\/p>\n<p><strong>2.<\/strong> Styrelsen tar beslut g\u00e4llande anledning och \u00f6nskad uthyrningsperiod.<span style=\"font-size: 14px;\"><\/span><\/p>\n<p><strong>3.<\/strong> Styrelsen meddelar medlem.<\/p>\n<p><strong>4.<\/strong> Medlem inkommer med kontrakt om uppl\u00e5telse via Nabo portalen. <strong>Exempel p\u00e5 kontrakt<\/strong> fr\u00e5n Fastighets\u00e4garna kan laddas via knappen nedan.<\/p>\n<p><strong>5.<\/strong> Nabo tar UC p\u00e5 f\u00f6reslagen hyresg\u00e4st. Bekostas av medlem.<\/p>\n<p><strong>6.<\/strong> Nabo skickar \u00f6ver UC till Styrelsen.<\/p>\n<p><strong>7.<\/strong> Styrelsen tar beslut g\u00e4llande andrahandsuthyrning.<\/p>\n<p><strong>8.<\/strong> Styrelsen meddelar Nabo och medlem.<\/p>\n<p>\u00a0<span>\u00a0<\/span><\/p>\n<p><span><\/span><\/p>\n<p>[\/et_pb_text][et_pb_button button_url=&#8221;@ET-DC@eyJkeW5hbWljIjp0cnVlLCJjb250ZW50IjoicG9zdF9saW5rX3VybF9hdHRhY2htZW50Iiwic2V0dGluZ3MiOnsicG9zdF9pZCI6IjI5MCJ9fQ==@&#8221; button_text=&#8221;Ladda ner Riktlinjer f\u00f6r Andrahandsuthyrning&#8221; _builder_version=&#8221;4.17.4&#8243; _dynamic_attributes=&#8221;button_url&#8221; _module_preset=&#8221;default&#8221; custom_button=&#8221;on&#8221; button_text_size=&#8221;14px&#8221; button_text_color=&#8221;#33633D&#8221; button_bg_color=&#8221;RGBA(255,255,255,0)&#8221; button_border_width=&#8221;1px&#8221; button_border_color=&#8221;#33633D&#8221; button_border_radius=&#8221;0px&#8221; button_font=&#8221;||||||||&#8221; button_icon=&#8221;&#xe092;||divi||400&#8243; button_on_hover=&#8221;off&#8221; custom_padding=&#8221;20px|40px|20px|30px|true|false&#8221; locked=&#8221;off&#8221; global_colors_info=&#8221;{}&#8221; button_bg_color__hover_enabled=&#8221;on|hover&#8221; button_bg_color__hover=&#8221;#C0D6C5&#8243; button_bg_enable_color__hover=&#8221;on&#8221; button_border_color__hover_enabled=&#8221;on|hover&#8221; button_border_color__hover=&#8221;#C0D6C5&#8243; button_text_color__hover_enabled=&#8221;on|desktop&#8221; button_text_color__hover=&#8221;#33633D&#8221;][\/et_pb_button][et_pb_button button_url=&#8221;@ET-DC@eyJkeW5hbWljIjp0cnVlLCJjb250ZW50IjoicG9zdF9saW5rX3VybF9hdHRhY2htZW50Iiwic2V0dGluZ3MiOnsicG9zdF9pZCI6IjM3MSJ9fQ==@&#8221; button_text=&#8221;Ladda ner kontrakt f\u00f6r Andrahandsuthyrning&#8221; _builder_version=&#8221;4.17.4&#8243; _dynamic_attributes=&#8221;button_url&#8221; _module_preset=&#8221;default&#8221; custom_button=&#8221;on&#8221; button_text_size=&#8221;14px&#8221; button_text_color=&#8221;#33633D&#8221; button_bg_color=&#8221;RGBA(255,255,255,0)&#8221; button_border_width=&#8221;1px&#8221; button_border_color=&#8221;#33633D&#8221; button_border_radius=&#8221;0px&#8221; button_font=&#8221;||||||||&#8221; button_icon=&#8221;&#xe092;||divi||400&#8243; button_on_hover=&#8221;off&#8221; custom_padding=&#8221;20px|40px|20px|30px|true|false&#8221; locked=&#8221;off&#8221; global_colors_info=&#8221;{}&#8221; button_bg_color__hover_enabled=&#8221;on|hover&#8221; button_bg_color__hover=&#8221;#C0D6C5&#8243; button_bg_enable_color__hover=&#8221;on&#8221; button_border_color__hover_enabled=&#8221;on|hover&#8221; button_border_color__hover=&#8221;#C0D6C5&#8243; button_text_color__hover_enabled=&#8221;on|desktop&#8221; button_text_color__hover=&#8221;#33633D&#8221;][\/et_pb_button][\/et_pb_column][et_pb_column type=&#8221;1_4&#8243; _builder_version=&#8221;4.16.1&#8243; _module_preset=&#8221;default&#8221; global_colors_info=&#8221;{}&#8221;][\/et_pb_column][\/et_pb_row][\/et_pb_section]<\/p>\n","protected":false},"excerpt":{"rendered":"<p>Brf Fridhem 20 &#8211; F\u00f6r dig som boende Andrahandsuthyrning All uthyrning ska godk\u00e4nnas av styrelsen i f\u00f6rv\u00e4g. L\u00e4s noggrant igenom riktlinjer f\u00f6r andrahandsuthyrning innan ni ans\u00f6ker om uthyrning av ert boende, kontakta oss g\u00e4rna om n\u00e5gra fr\u00e5getecken kvarst\u00e5r. F\u00f6reningen tar ut en \u00e5rlig avgift motsvarande 10% av g\u00e4llande prisbasbelopp enligt f\u00f6reningens stadgar. Avgiften betalas av [&hellip;]<\/p>\n","protected":false},"author":2,"featured_media":0,"parent":0,"menu_order":0,"comment_status":"closed","ping_status":"closed","template":"","meta":{"_et_pb_use_builder":"on","_et_pb_old_content":"","_et_gb_content_width":"","footnotes":""},"class_list":["post-87","page","type-page","status-publish","hentry"],"yoast_head":"<!-- This site is optimized with the Yoast SEO plugin v27.5 - https:\/\/yoast.com\/product\/yoast-seo-wordpress\/ -->\n<title>Andrahandsuthyrning - Brf Fridhem 20<\/title>\n<meta name=\"robots\" content=\"index, follow, max-snippet:-1, max-image-preview:large, max-video-preview:-1\" \/>\n<link rel=\"canonical\" href=\"https:\/\/brffridhem20.se\/?page_id=87\" \/>\n<meta property=\"og:locale\" content=\"sv_SE\" \/>\n<meta property=\"og:type\" content=\"article\" \/>\n<meta property=\"og:title\" content=\"Andrahandsuthyrning - Brf Fridhem 20\" \/>\n<meta property=\"og:description\" content=\"Brf Fridhem 20 - F\u00f6r dig som boende Andrahandsuthyrning All uthyrning ska godk\u00e4nnas av styrelsen i f\u00f6rv\u00e4g. L\u00e4s noggrant igenom riktlinjer f\u00f6r andrahandsuthyrning innan ni ans\u00f6ker om uthyrning av ert boende, kontakta oss g\u00e4rna om n\u00e5gra fr\u00e5getecken kvarst\u00e5r. F\u00f6reningen tar ut en \u00e5rlig avgift motsvarande 10% av g\u00e4llande prisbasbelopp enligt f\u00f6reningens stadgar. Avgiften betalas av [&hellip;]\" \/>\n<meta property=\"og:url\" content=\"https:\/\/brffridhem20.se\/?page_id=87\" \/>\n<meta property=\"og:site_name\" content=\"Brf Fridhem 20\" \/>\n<meta property=\"article:modified_time\" content=\"2022-12-13T00:14:03+00:00\" \/>\n<meta name=\"twitter:card\" content=\"summary_large_image\" \/>\n<script type=\"application\/ld+json\" class=\"yoast-schema-graph\">{\"@context\":\"https:\\\/\\\/schema.org\",\"@graph\":[{\"@type\":\"WebPage\",\"@id\":\"https:\\\/\\\/brffridhem20.se\\\/?page_id=87\",\"url\":\"https:\\\/\\\/brffridhem20.se\\\/?page_id=87\",\"name\":\"Andrahandsuthyrning - Brf Fridhem 20\",\"isPartOf\":{\"@id\":\"https:\\\/\\\/brffridhem20.se\\\/#website\"},\"datePublished\":\"2022-04-07T11:16:05+00:00\",\"dateModified\":\"2022-12-13T00:14:03+00:00\",\"breadcrumb\":{\"@id\":\"https:\\\/\\\/brffridhem20.se\\\/?page_id=87#breadcrumb\"},\"inLanguage\":\"sv-SE\",\"potentialAction\":[{\"@type\":\"ReadAction\",\"target\":[\"https:\\\/\\\/brffridhem20.se\\\/?page_id=87\"]}]},{\"@type\":\"BreadcrumbList\",\"@id\":\"https:\\\/\\\/brffridhem20.se\\\/?page_id=87#breadcrumb\",\"itemListElement\":[{\"@type\":\"ListItem\",\"position\":1,\"name\":\"Home\",\"item\":\"https:\\\/\\\/brffridhem20.se\\\/\"},{\"@type\":\"ListItem\",\"position\":2,\"name\":\"Andrahandsuthyrning\"}]},{\"@type\":\"WebSite\",\"@id\":\"https:\\\/\\\/brffridhem20.se\\\/#website\",\"url\":\"https:\\\/\\\/brffridhem20.se\\\/\",\"name\":\"Brf Fridhem 20\",\"description\":\"Bostadsr\u00e4ttsf\u00f6reningen Fridhem 20 i Malm\u00f6\",\"potentialAction\":[{\"@type\":\"SearchAction\",\"target\":{\"@type\":\"EntryPoint\",\"urlTemplate\":\"https:\\\/\\\/brffridhem20.se\\\/?s={search_term_string}\"},\"query-input\":{\"@type\":\"PropertyValueSpecification\",\"valueRequired\":true,\"valueName\":\"search_term_string\"}}],\"inLanguage\":\"sv-SE\"}]}<\/script>\n<!-- \/ Yoast SEO plugin. -->","yoast_head_json":{"title":"Andrahandsuthyrning - Brf Fridhem 20","robots":{"index":"index","follow":"follow","max-snippet":"max-snippet:-1","max-image-preview":"max-image-preview:large","max-video-preview":"max-video-preview:-1"},"canonical":"https:\/\/brffridhem20.se\/?page_id=87","og_locale":"sv_SE","og_type":"article","og_title":"Andrahandsuthyrning - Brf Fridhem 20","og_description":"Brf Fridhem 20 - F\u00f6r dig som boende Andrahandsuthyrning All uthyrning ska godk\u00e4nnas av styrelsen i f\u00f6rv\u00e4g. L\u00e4s noggrant igenom riktlinjer f\u00f6r andrahandsuthyrning innan ni ans\u00f6ker om uthyrning av ert boende, kontakta oss g\u00e4rna om n\u00e5gra fr\u00e5getecken kvarst\u00e5r. F\u00f6reningen tar ut en \u00e5rlig avgift motsvarande 10% av g\u00e4llande prisbasbelopp enligt f\u00f6reningens stadgar. Avgiften betalas av [&hellip;]","og_url":"https:\/\/brffridhem20.se\/?page_id=87","og_site_name":"Brf Fridhem 20","article_modified_time":"2022-12-13T00:14:03+00:00","twitter_card":"summary_large_image","schema":{"@context":"https:\/\/schema.org","@graph":[{"@type":"WebPage","@id":"https:\/\/brffridhem20.se\/?page_id=87","url":"https:\/\/brffridhem20.se\/?page_id=87","name":"Andrahandsuthyrning - Brf Fridhem 20","isPartOf":{"@id":"https:\/\/brffridhem20.se\/#website"},"datePublished":"2022-04-07T11:16:05+00:00","dateModified":"2022-12-13T00:14:03+00:00","breadcrumb":{"@id":"https:\/\/brffridhem20.se\/?page_id=87#breadcrumb"},"inLanguage":"sv-SE","potentialAction":[{"@type":"ReadAction","target":["https:\/\/brffridhem20.se\/?page_id=87"]}]},{"@type":"BreadcrumbList","@id":"https:\/\/brffridhem20.se\/?page_id=87#breadcrumb","itemListElement":[{"@type":"ListItem","position":1,"name":"Home","item":"https:\/\/brffridhem20.se\/"},{"@type":"ListItem","position":2,"name":"Andrahandsuthyrning"}]},{"@type":"WebSite","@id":"https:\/\/brffridhem20.se\/#website","url":"https:\/\/brffridhem20.se\/","name":"Brf Fridhem 20","description":"Bostadsr\u00e4ttsf\u00f6reningen Fridhem 20 i Malm\u00f6","potentialAction":[{"@type":"SearchAction","target":{"@type":"EntryPoint","urlTemplate":"https:\/\/brffridhem20.se\/?s={search_term_string}"},"query-input":{"@type":"PropertyValueSpecification","valueRequired":true,"valueName":"search_term_string"}}],"inLanguage":"sv-SE"}]}},"_links":{"self":[{"href":"https:\/\/brffridhem20.se\/index.php?rest_route=\/wp\/v2\/pages\/87","targetHints":{"allow":["GET"]}}],"collection":[{"href":"https:\/\/brffridhem20.se\/index.php?rest_route=\/wp\/v2\/pages"}],"about":[{"href":"https:\/\/brffridhem20.se\/index.php?rest_route=\/wp\/v2\/types\/page"}],"author":[{"embeddable":true,"href":"https:\/\/brffridhem20.se\/index.php?rest_route=\/wp\/v2\/users\/2"}],"replies":[{"embeddable":true,"href":"https:\/\/brffridhem20.se\/index.php?rest_route=%2Fwp%2Fv2%2Fcomments&post=87"}],"version-history":[{"count":6,"href":"https:\/\/brffridhem20.se\/index.php?rest_route=\/wp\/v2\/pages\/87\/revisions"}],"predecessor-version":[{"id":389,"href":"https:\/\/brffridhem20.se\/index.php?rest_route=\/wp\/v2\/pages\/87\/revisions\/389"}],"wp:attachment":[{"href":"https:\/\/brffridhem20.se\/index.php?rest_route=%2Fwp%2Fv2%2Fmedia&parent=87"}],"curies":[{"name":"wp","href":"https:\/\/api.w.org\/{rel}","templated":true}]}}