{"id":84,"date":"2022-04-07T13:15:07","date_gmt":"2022-04-07T11:15:07","guid":{"rendered":"https:\/\/brffridhem20.se\/?page_id=84"},"modified":"2023-02-21T23:12:26","modified_gmt":"2023-02-21T22:12:26","slug":"betalningsforseningar","status":"publish","type":"page","link":"https:\/\/brffridhem20.se\/?page_id=84","title":{"rendered":"Betalningsf\u00f6rseningar"},"content":{"rendered":"<p>[et_pb_section fb_built=&#8221;1&#8243; _builder_version=&#8221;4.16.1&#8243; _module_preset=&#8221;default&#8221; use_background_color_gradient=&#8221;on&#8221; background_color_gradient_stops=&#8221;rgba(0,0,0,0.38) 1%|rgba(0,0,0,0.4) 99%&#8221; background_color_gradient_overlays_image=&#8221;on&#8221; background_image=&#8221;https:\/\/brffridhem20.se\/wp-content\/uploads\/2022\/04\/BRF-Fridhem-Malmo\u0308-1.jpeg&#8221; max_width=&#8221;97%&#8221; module_alignment=&#8221;center&#8221; custom_padding=&#8221;195px||195px||true|false&#8221; border_width_bottom=&#8221;6px&#8221; border_color_bottom=&#8221;#C0D6C5&#8243; global_colors_info=&#8221;{}&#8221;][\/et_pb_section][et_pb_section fb_built=&#8221;1&#8243; _builder_version=&#8221;4.16.1&#8243; _module_preset=&#8221;default&#8221; custom_padding=&#8221;84px||84px||true|&#8221; global_colors_info=&#8221;{}&#8221;][et_pb_row column_structure=&#8221;3_4,1_4&#8243; _builder_version=&#8221;4.16.1&#8243; _module_preset=&#8221;default&#8221; global_colors_info=&#8221;{}&#8221;][et_pb_column type=&#8221;3_4&#8243; _builder_version=&#8221;4.16.1&#8243; _module_preset=&#8221;default&#8221; global_colors_info=&#8221;{}&#8221;][et_pb_text _builder_version=&#8221;4.17.4&#8243; _module_preset=&#8221;default&#8221; header_font_size=&#8221;45px&#8221; header_line_height=&#8221;1.7em&#8221; header_3_font=&#8221;|||on|||||&#8221; header_3_text_color=&#8221;#33633D&#8221; header_3_font_size=&#8221;16px&#8221; custom_padding=&#8221;||0px|||&#8221; hover_enabled=&#8221;0&#8243; global_colors_info=&#8221;{}&#8221; sticky_enabled=&#8221;0&#8243;]<\/p>\n<h3><span>Brf Fridhem 20 &#8211; F\u00f6r dig som boende<\/span><\/h3>\n<h1><span>Betalningsf\u00f6rseningar<\/span><\/h1>\n<div class=\"page-content h-footer-parallax-content-class\">\n<div id=\"content\" class=\"content\">\n<div data-colibri-id=\"1329-c1\" class=\"style-472 style-local-1329-c1 position-relative\">\n<div data-colibri-component=\"section\" data-colibri-id=\"1329-c2\" id=\"custom\" class=\"h-section h-section-global-spacing d-flex align-items-lg-center align-items-md-center align-items-center style-473 style-local-1329-c2 position-relative\">\n<div class=\"h-section-grid-container h-section-boxed-container\">\n<div data-colibri-id=\"1329-c6\" class=\"h-row-container gutters-row-lg-0 gutters-row-md-0 gutters-row-0 gutters-row-v-lg-0 gutters-row-v-md-0 gutters-row-v-0 style-476 style-local-1329-c6 position-relative\">\n<div class=\"h-row justify-content-lg-center justify-content-md-center justify-content-center align-items-lg-stretch align-items-md-stretch align-items-stretch gutters-col-lg-0 gutters-col-md-0 gutters-col-0 gutters-col-v-lg-0 gutters-col-v-md-0 gutters-col-v-0\">\n<div class=\"h-column h-column-container d-flex h-col-lg-auto h-col-md-auto h-col-auto style-477-outer style-local-1329-c7-outer\">\n<div data-colibri-id=\"1329-c7\" class=\"d-flex h-flex-basis h-column__inner h-px-lg-2 h-px-md-2 h-px-2 v-inner-lg-2 v-inner-md-2 v-inner-2 style-477 style-local-1329-c7 position-relative\">\n<div class=\"w-100 h-y-container h-column__content h-column__v-align flex-basis-100 align-self-lg-start align-self-md-start align-self-start\">\n<div data-colibri-id=\"1329-c8\" class=\"h-text h-text-component style-478 style-local-1329-c8 position-relative h-element\">\n<div class=\"\">\n<p><span lang=\"sv-SE\">Om och n\u00e4r du har problem med att betala din avgift eller hyra, h\u00f6r av dig till Styrelsen i god tid innan.<\/span><\/p>\n<p><span lang=\"sv-SE\">Kostnader och hantering kring sen eller utebliven betalning regleras i lag.<\/span><\/p>\n<p><a href=\"https:\/\/www.bostadsratterna.se\/aemnen\/b\/betalningsforseningar\">Bostadsr\u00e4tterna | Betalningsf\u00f6rseningar (bostadsratterna.se)<\/a><\/p>\n<p><span lang=\"sv-SE\"><\/span><\/p>\n<p><span lang=\"sv-SE\">F\u00f6r att minimera on\u00f6diga kostnader f\u00f6r dig och samtidigt v\u00e4rna om milj\u00f6n rekommenderar vi i Styrelsen att du inf\u00f6r autogiro \u2013 vilket du kan registrera via Nabos portalen, v\u00e5r ekonomiska f\u00f6rvaltare. Det underl\u00e4ttar hanteringen och du \u00e4r alltid i tid med din betalning. <\/span><\/p>\n<p><span style=\"text-decoration: underline;\"><a href=\"https:\/\/portal.nabo.se\/kundportal\/login\" class=\"customize-unpreviewable\">https:\/\/portal.nabo.se\/<\/a><\/span><\/p>\n<p>&nbsp;<\/p>\n<\/div>\n<\/div>\n<\/div>\n<\/div>\n<\/div>\n<\/div>\n<\/div>\n<\/div>\n<\/div>\n<\/div>\n<\/div>\n<\/div>\n<p>[\/et_pb_text][\/et_pb_column][et_pb_column type=&#8221;1_4&#8243; _builder_version=&#8221;4.16.1&#8243; _module_preset=&#8221;default&#8221; global_colors_info=&#8221;{}&#8221;][\/et_pb_column][\/et_pb_row][\/et_pb_section]<\/p>\n","protected":false},"excerpt":{"rendered":"<p>Brf Fridhem 20 &#8211; F\u00f6r dig som boende Betalningsf\u00f6rseningar Om och n\u00e4r du har problem med att betala din avgift eller hyra, h\u00f6r av dig till Styrelsen i god tid innan. Kostnader och hantering kring sen eller utebliven betalning regleras i lag. Bostadsr\u00e4tterna | Betalningsf\u00f6rseningar (bostadsratterna.se) F\u00f6r att minimera on\u00f6diga kostnader f\u00f6r dig och samtidigt [&hellip;]<\/p>\n","protected":false},"author":2,"featured_media":0,"parent":0,"menu_order":0,"comment_status":"closed","ping_status":"closed","template":"","meta":{"_et_pb_use_builder":"on","_et_pb_old_content":"","_et_gb_content_width":"","footnotes":""},"class_list":["post-84","page","type-page","status-publish","hentry"],"yoast_head":"<!-- This site is optimized with the Yoast SEO plugin v27.5 - https:\/\/yoast.com\/product\/yoast-seo-wordpress\/ -->\n<title>Betalningsf\u00f6rseningar - Brf Fridhem 20<\/title>\n<meta name=\"robots\" content=\"index, follow, max-snippet:-1, max-image-preview:large, max-video-preview:-1\" \/>\n<link rel=\"canonical\" href=\"https:\/\/brffridhem20.se\/?page_id=84\" \/>\n<meta property=\"og:locale\" content=\"sv_SE\" \/>\n<meta property=\"og:type\" content=\"article\" \/>\n<meta property=\"og:title\" content=\"Betalningsf\u00f6rseningar - Brf Fridhem 20\" \/>\n<meta property=\"og:description\" content=\"Brf Fridhem 20 - F\u00f6r dig som boende Betalningsf\u00f6rseningar Om och n\u00e4r du har problem med att betala din avgift eller hyra, h\u00f6r av dig till Styrelsen i god tid innan. Kostnader och hantering kring sen eller utebliven betalning regleras i lag. Bostadsr\u00e4tterna | Betalningsf\u00f6rseningar (bostadsratterna.se) F\u00f6r att minimera on\u00f6diga kostnader f\u00f6r dig och samtidigt [&hellip;]\" \/>\n<meta property=\"og:url\" content=\"https:\/\/brffridhem20.se\/?page_id=84\" \/>\n<meta property=\"og:site_name\" content=\"Brf Fridhem 20\" \/>\n<meta property=\"article:modified_time\" content=\"2023-02-21T22:12:26+00:00\" \/>\n<meta name=\"twitter:card\" content=\"summary_large_image\" \/>\n<script type=\"application\/ld+json\" class=\"yoast-schema-graph\">{\"@context\":\"https:\\\/\\\/schema.org\",\"@graph\":[{\"@type\":\"WebPage\",\"@id\":\"https:\\\/\\\/brffridhem20.se\\\/?page_id=84\",\"url\":\"https:\\\/\\\/brffridhem20.se\\\/?page_id=84\",\"name\":\"Betalningsf\u00f6rseningar - Brf Fridhem 20\",\"isPartOf\":{\"@id\":\"https:\\\/\\\/brffridhem20.se\\\/#website\"},\"datePublished\":\"2022-04-07T11:15:07+00:00\",\"dateModified\":\"2023-02-21T22:12:26+00:00\",\"breadcrumb\":{\"@id\":\"https:\\\/\\\/brffridhem20.se\\\/?page_id=84#breadcrumb\"},\"inLanguage\":\"sv-SE\",\"potentialAction\":[{\"@type\":\"ReadAction\",\"target\":[\"https:\\\/\\\/brffridhem20.se\\\/?page_id=84\"]}]},{\"@type\":\"BreadcrumbList\",\"@id\":\"https:\\\/\\\/brffridhem20.se\\\/?page_id=84#breadcrumb\",\"itemListElement\":[{\"@type\":\"ListItem\",\"position\":1,\"name\":\"Home\",\"item\":\"https:\\\/\\\/brffridhem20.se\\\/\"},{\"@type\":\"ListItem\",\"position\":2,\"name\":\"Betalningsf\u00f6rseningar\"}]},{\"@type\":\"WebSite\",\"@id\":\"https:\\\/\\\/brffridhem20.se\\\/#website\",\"url\":\"https:\\\/\\\/brffridhem20.se\\\/\",\"name\":\"Brf Fridhem 20\",\"description\":\"Bostadsr\u00e4ttsf\u00f6reningen Fridhem 20 i Malm\u00f6\",\"potentialAction\":[{\"@type\":\"SearchAction\",\"target\":{\"@type\":\"EntryPoint\",\"urlTemplate\":\"https:\\\/\\\/brffridhem20.se\\\/?s={search_term_string}\"},\"query-input\":{\"@type\":\"PropertyValueSpecification\",\"valueRequired\":true,\"valueName\":\"search_term_string\"}}],\"inLanguage\":\"sv-SE\"}]}<\/script>\n<!-- \/ Yoast SEO plugin. -->","yoast_head_json":{"title":"Betalningsf\u00f6rseningar - Brf Fridhem 20","robots":{"index":"index","follow":"follow","max-snippet":"max-snippet:-1","max-image-preview":"max-image-preview:large","max-video-preview":"max-video-preview:-1"},"canonical":"https:\/\/brffridhem20.se\/?page_id=84","og_locale":"sv_SE","og_type":"article","og_title":"Betalningsf\u00f6rseningar - Brf Fridhem 20","og_description":"Brf Fridhem 20 - F\u00f6r dig som boende Betalningsf\u00f6rseningar Om och n\u00e4r du har problem med att betala din avgift eller hyra, h\u00f6r av dig till Styrelsen i god tid innan. Kostnader och hantering kring sen eller utebliven betalning regleras i lag. Bostadsr\u00e4tterna | Betalningsf\u00f6rseningar (bostadsratterna.se) F\u00f6r att minimera on\u00f6diga kostnader f\u00f6r dig och samtidigt [&hellip;]","og_url":"https:\/\/brffridhem20.se\/?page_id=84","og_site_name":"Brf Fridhem 20","article_modified_time":"2023-02-21T22:12:26+00:00","twitter_card":"summary_large_image","schema":{"@context":"https:\/\/schema.org","@graph":[{"@type":"WebPage","@id":"https:\/\/brffridhem20.se\/?page_id=84","url":"https:\/\/brffridhem20.se\/?page_id=84","name":"Betalningsf\u00f6rseningar - Brf Fridhem 20","isPartOf":{"@id":"https:\/\/brffridhem20.se\/#website"},"datePublished":"2022-04-07T11:15:07+00:00","dateModified":"2023-02-21T22:12:26+00:00","breadcrumb":{"@id":"https:\/\/brffridhem20.se\/?page_id=84#breadcrumb"},"inLanguage":"sv-SE","potentialAction":[{"@type":"ReadAction","target":["https:\/\/brffridhem20.se\/?page_id=84"]}]},{"@type":"BreadcrumbList","@id":"https:\/\/brffridhem20.se\/?page_id=84#breadcrumb","itemListElement":[{"@type":"ListItem","position":1,"name":"Home","item":"https:\/\/brffridhem20.se\/"},{"@type":"ListItem","position":2,"name":"Betalningsf\u00f6rseningar"}]},{"@type":"WebSite","@id":"https:\/\/brffridhem20.se\/#website","url":"https:\/\/brffridhem20.se\/","name":"Brf Fridhem 20","description":"Bostadsr\u00e4ttsf\u00f6reningen Fridhem 20 i Malm\u00f6","potentialAction":[{"@type":"SearchAction","target":{"@type":"EntryPoint","urlTemplate":"https:\/\/brffridhem20.se\/?s={search_term_string}"},"query-input":{"@type":"PropertyValueSpecification","valueRequired":true,"valueName":"search_term_string"}}],"inLanguage":"sv-SE"}]}},"_links":{"self":[{"href":"https:\/\/brffridhem20.se\/index.php?rest_route=\/wp\/v2\/pages\/84","targetHints":{"allow":["GET"]}}],"collection":[{"href":"https:\/\/brffridhem20.se\/index.php?rest_route=\/wp\/v2\/pages"}],"about":[{"href":"https:\/\/brffridhem20.se\/index.php?rest_route=\/wp\/v2\/types\/page"}],"author":[{"embeddable":true,"href":"https:\/\/brffridhem20.se\/index.php?rest_route=\/wp\/v2\/users\/2"}],"replies":[{"embeddable":true,"href":"https:\/\/brffridhem20.se\/index.php?rest_route=%2Fwp%2Fv2%2Fcomments&post=84"}],"version-history":[{"count":6,"href":"https:\/\/brffridhem20.se\/index.php?rest_route=\/wp\/v2\/pages\/84\/revisions"}],"predecessor-version":[{"id":476,"href":"https:\/\/brffridhem20.se\/index.php?rest_route=\/wp\/v2\/pages\/84\/revisions\/476"}],"wp:attachment":[{"href":"https:\/\/brffridhem20.se\/index.php?rest_route=%2Fwp%2Fv2%2Fmedia&parent=84"}],"curies":[{"name":"wp","href":"https:\/\/api.w.org\/{rel}","templated":true}]}}