{"id":63,"date":"2022-04-07T13:01:03","date_gmt":"2022-04-07T11:01:03","guid":{"rendered":"https:\/\/brffridhem20.se\/?page_id=63"},"modified":"2025-12-22T13:42:43","modified_gmt":"2025-12-22T12:42:43","slug":"forvaltning","status":"publish","type":"page","link":"https:\/\/brffridhem20.se\/?page_id=63","title":{"rendered":"F\u00f6rvaltning"},"content":{"rendered":"<p>[et_pb_section fb_built=&#8221;1&#8243; _builder_version=&#8221;4.16.1&#8243; _module_preset=&#8221;default&#8221; use_background_color_gradient=&#8221;on&#8221; background_color_gradient_stops=&#8221;rgba(0,0,0,0.38) 1%|rgba(0,0,0,0.4) 99%&#8221; background_color_gradient_overlays_image=&#8221;on&#8221; background_image=&#8221;https:\/\/brffridhem20.se\/wp-content\/uploads\/2022\/04\/BRF-Fridhem-Malmo\u0308-1.jpeg&#8221; max_width=&#8221;97%&#8221; module_alignment=&#8221;center&#8221; custom_padding=&#8221;195px||195px||true|false&#8221; border_width_bottom=&#8221;6px&#8221; border_color_bottom=&#8221;#C0D6C5&#8243; global_colors_info=&#8221;{}&#8221;][\/et_pb_section][et_pb_section fb_built=&#8221;1&#8243; _builder_version=&#8221;4.16.1&#8243; _module_preset=&#8221;default&#8221; custom_padding=&#8221;84px||84px||true|&#8221; global_colors_info=&#8221;{}&#8221;][et_pb_row column_structure=&#8221;3_4,1_4&#8243; _builder_version=&#8221;4.16.1&#8243; _module_preset=&#8221;default&#8221; global_colors_info=&#8221;{}&#8221;][et_pb_column type=&#8221;3_4&#8243; _builder_version=&#8221;4.16.1&#8243; _module_preset=&#8221;default&#8221; global_colors_info=&#8221;{}&#8221;][et_pb_text _builder_version=&#8221;4.27.4&#8243; _module_preset=&#8221;default&#8221; header_font_size=&#8221;45px&#8221; header_line_height=&#8221;1.7em&#8221; header_3_font=&#8221;|||on|||||&#8221; header_3_text_color=&#8221;#33633D&#8221; header_3_font_size=&#8221;16px&#8221; global_colors_info=&#8221;{}&#8221;]<\/p>\n<h3><span>Brf Fridhem 20 &#8211; F\u00f6r dig som boende<\/span><\/h3>\n<h1><span>F\u00f6rvaltning<\/span><\/h1>\n<p><strong>Teknisk F\u00f6rvaltning:<\/strong><\/p>\n<p><span>Sker via Hagtorn Fastighetsservice. Hagtorn Fastighetsservice sk\u00f6ter underh\u00e5ll som g\u00e4ller fastigheten. Ser du n\u00e5got som beh\u00f6ver \u00e5tg\u00e4rdas, anm\u00e4l det direkt p\u00e5 <a href=\"https:\/\/hagtornservice.se\/\">www.hagtornservice.se<\/a> eller p\u00e5 telefon 040 &#8211; 618 84 64, vardagar 7-16.<\/span><\/p>\n<p>&nbsp;<\/p>\n<p><strong>Jour kv\u00e4llar och helger:<\/strong><span><\/span><\/p>\n<p>\u00d6restads bevakning. Felanm\u00e4lan p\u00e5 telefon 040 &#8211; 93 12 70.<\/p>\n<p>&nbsp;<\/p>\n<p><strong>Hiss-sk\u00f6tsel:<\/strong><\/p>\n<p>Hisselektra. Felanm\u00e4lan p\u00e5 telefon 040 &#8211; 92 21 30.<\/p>\n<p>&nbsp;<\/p>\n<p><strong>Ekonomisk F\u00f6rvaltning:<\/strong><\/p>\n<p>Sker via Nabo. Som boende\/hyresg\u00e4st kan du logga in p\u00e5 medlemsportalen, https:\/\/portal.nabo.se\/kundportal\/login med Mobilt BankID f\u00f6r att se dina avier och f\u00e5 information om din l\u00e4genhet samt f\u00f6r att kontakta dem via \u00e4renden.<\/p>\n<p>F\u00f6r boendefr\u00e5gor, kontakta nabo.se\/kontakt f\u00f6r mer information och kontaktv\u00e4gar eller ring 010-288 00 27, vardagar 9-12.<\/p>\n<p>&nbsp;<\/p>\n<p><strong>Internet Bredband:<\/strong><\/p>\n<p>Internet bredband tillhandah\u00e5lls mot en obligatorisk kostnad om 90 kr\/m\u00e5n f\u00f6r boende. Internetleverant\u00f6r \u00e4r Bahnhof som st\u00e5r f\u00f6r fibern med hastighet 1000\/1000 Mbit\/s.<\/p>\n<p>Internet bredband f\u00f6r lokalhyresg\u00e4ster finns f\u00f6r en kostnad om 250 kr\/m\u00e5n. Kontakta styrelsen vid intresse.<\/p>\n<p>&nbsp;<\/p>\n<p><strong>Kabel-TV:<\/strong><\/p>\n<p>Kabel-TV tillhandah\u00e5lls mot en obligatorisk kostnad om 95 kr\/m\u00e5n. Vill du teckna ytterligare kanalutbud g\u00f6r du det direkt med Telenor p\u00e5 telefon 020-222 222.<\/p>\n<p>&nbsp;<\/p>\n<p><strong>Namnskyltar:<\/strong><\/p>\n<p>Nyinflyttad i f\u00f6reningen? D\u00e5 ska du best\u00e4lla namnskyltar. Du beh\u00f6ver namnskyltar vid anslagstavla, postfack och l\u00e4genhetsd\u00f6rr. Brf hj\u00e4lper dig med detta och det inneb\u00e4r inga kostnader f\u00f6r dig som medlem. Kontakta oss via e-post <span style=\"text-decoration: underline;\"><a href=\"mailto:info@brffridhem20.se\">info@brffridhem20.se<\/a><\/span> f\u00f6r best\u00e4llning.<strong><\/strong><\/p>\n<p><span><\/span><\/p>\n<p>[\/et_pb_text][\/et_pb_column][et_pb_column type=&#8221;1_4&#8243; _builder_version=&#8221;4.16.1&#8243; _module_preset=&#8221;default&#8221; global_colors_info=&#8221;{}&#8221;][\/et_pb_column][\/et_pb_row][\/et_pb_section]<\/p>\n","protected":false},"excerpt":{"rendered":"<p>Brf Fridhem 20 &#8211; F\u00f6r dig som boende F\u00f6rvaltning Teknisk F\u00f6rvaltning: Sker via Hagtorn Fastighetsservice. Hagtorn Fastighetsservice sk\u00f6ter underh\u00e5ll som g\u00e4ller fastigheten. Ser du n\u00e5got som beh\u00f6ver \u00e5tg\u00e4rdas, anm\u00e4l det direkt p\u00e5 www.hagtornservice.se eller p\u00e5 telefon 040 &#8211; 618 84 64, vardagar 7-16. &nbsp; Jour kv\u00e4llar och helger: \u00d6restads bevakning. Felanm\u00e4lan p\u00e5 telefon 040 &#8211; [&hellip;]<\/p>\n","protected":false},"author":2,"featured_media":0,"parent":0,"menu_order":0,"comment_status":"closed","ping_status":"closed","template":"","meta":{"_et_pb_use_builder":"on","_et_pb_old_content":"","_et_gb_content_width":"","footnotes":""},"class_list":["post-63","page","type-page","status-publish","hentry"],"yoast_head":"<!-- This site is optimized with the Yoast SEO plugin v27.5 - https:\/\/yoast.com\/product\/yoast-seo-wordpress\/ -->\n<title>F\u00f6rvaltning - Brf Fridhem 20<\/title>\n<meta name=\"robots\" content=\"index, follow, max-snippet:-1, max-image-preview:large, max-video-preview:-1\" \/>\n<link rel=\"canonical\" href=\"https:\/\/brffridhem20.se\/?page_id=63\" \/>\n<meta property=\"og:locale\" content=\"sv_SE\" \/>\n<meta property=\"og:type\" content=\"article\" \/>\n<meta property=\"og:title\" content=\"F\u00f6rvaltning - Brf Fridhem 20\" \/>\n<meta property=\"og:description\" content=\"Brf Fridhem 20 - F\u00f6r dig som boende F\u00f6rvaltning Teknisk F\u00f6rvaltning: Sker via Hagtorn Fastighetsservice. Hagtorn Fastighetsservice sk\u00f6ter underh\u00e5ll som g\u00e4ller fastigheten. Ser du n\u00e5got som beh\u00f6ver \u00e5tg\u00e4rdas, anm\u00e4l det direkt p\u00e5 www.hagtornservice.se eller p\u00e5 telefon 040 - 618 84 64, vardagar 7-16. &nbsp; Jour kv\u00e4llar och helger: \u00d6restads bevakning. Felanm\u00e4lan p\u00e5 telefon 040 - [&hellip;]\" \/>\n<meta property=\"og:url\" content=\"https:\/\/brffridhem20.se\/?page_id=63\" \/>\n<meta property=\"og:site_name\" content=\"Brf Fridhem 20\" \/>\n<meta property=\"article:modified_time\" content=\"2025-12-22T12:42:43+00:00\" \/>\n<meta name=\"twitter:card\" content=\"summary_large_image\" \/>\n<script type=\"application\/ld+json\" class=\"yoast-schema-graph\">{\"@context\":\"https:\\\/\\\/schema.org\",\"@graph\":[{\"@type\":\"WebPage\",\"@id\":\"https:\\\/\\\/brffridhem20.se\\\/?page_id=63\",\"url\":\"https:\\\/\\\/brffridhem20.se\\\/?page_id=63\",\"name\":\"F\u00f6rvaltning - Brf Fridhem 20\",\"isPartOf\":{\"@id\":\"https:\\\/\\\/brffridhem20.se\\\/#website\"},\"datePublished\":\"2022-04-07T11:01:03+00:00\",\"dateModified\":\"2025-12-22T12:42:43+00:00\",\"breadcrumb\":{\"@id\":\"https:\\\/\\\/brffridhem20.se\\\/?page_id=63#breadcrumb\"},\"inLanguage\":\"sv-SE\",\"potentialAction\":[{\"@type\":\"ReadAction\",\"target\":[\"https:\\\/\\\/brffridhem20.se\\\/?page_id=63\"]}]},{\"@type\":\"BreadcrumbList\",\"@id\":\"https:\\\/\\\/brffridhem20.se\\\/?page_id=63#breadcrumb\",\"itemListElement\":[{\"@type\":\"ListItem\",\"position\":1,\"name\":\"Home\",\"item\":\"https:\\\/\\\/brffridhem20.se\\\/\"},{\"@type\":\"ListItem\",\"position\":2,\"name\":\"F\u00f6rvaltning\"}]},{\"@type\":\"WebSite\",\"@id\":\"https:\\\/\\\/brffridhem20.se\\\/#website\",\"url\":\"https:\\\/\\\/brffridhem20.se\\\/\",\"name\":\"Brf Fridhem 20\",\"description\":\"Bostadsr\u00e4ttsf\u00f6reningen Fridhem 20 i Malm\u00f6\",\"potentialAction\":[{\"@type\":\"SearchAction\",\"target\":{\"@type\":\"EntryPoint\",\"urlTemplate\":\"https:\\\/\\\/brffridhem20.se\\\/?s={search_term_string}\"},\"query-input\":{\"@type\":\"PropertyValueSpecification\",\"valueRequired\":true,\"valueName\":\"search_term_string\"}}],\"inLanguage\":\"sv-SE\"}]}<\/script>\n<!-- \/ Yoast SEO plugin. -->","yoast_head_json":{"title":"F\u00f6rvaltning - Brf Fridhem 20","robots":{"index":"index","follow":"follow","max-snippet":"max-snippet:-1","max-image-preview":"max-image-preview:large","max-video-preview":"max-video-preview:-1"},"canonical":"https:\/\/brffridhem20.se\/?page_id=63","og_locale":"sv_SE","og_type":"article","og_title":"F\u00f6rvaltning - Brf Fridhem 20","og_description":"Brf Fridhem 20 - F\u00f6r dig som boende F\u00f6rvaltning Teknisk F\u00f6rvaltning: Sker via Hagtorn Fastighetsservice. Hagtorn Fastighetsservice sk\u00f6ter underh\u00e5ll som g\u00e4ller fastigheten. Ser du n\u00e5got som beh\u00f6ver \u00e5tg\u00e4rdas, anm\u00e4l det direkt p\u00e5 www.hagtornservice.se eller p\u00e5 telefon 040 - 618 84 64, vardagar 7-16. &nbsp; Jour kv\u00e4llar och helger: \u00d6restads bevakning. Felanm\u00e4lan p\u00e5 telefon 040 - [&hellip;]","og_url":"https:\/\/brffridhem20.se\/?page_id=63","og_site_name":"Brf Fridhem 20","article_modified_time":"2025-12-22T12:42:43+00:00","twitter_card":"summary_large_image","schema":{"@context":"https:\/\/schema.org","@graph":[{"@type":"WebPage","@id":"https:\/\/brffridhem20.se\/?page_id=63","url":"https:\/\/brffridhem20.se\/?page_id=63","name":"F\u00f6rvaltning - Brf Fridhem 20","isPartOf":{"@id":"https:\/\/brffridhem20.se\/#website"},"datePublished":"2022-04-07T11:01:03+00:00","dateModified":"2025-12-22T12:42:43+00:00","breadcrumb":{"@id":"https:\/\/brffridhem20.se\/?page_id=63#breadcrumb"},"inLanguage":"sv-SE","potentialAction":[{"@type":"ReadAction","target":["https:\/\/brffridhem20.se\/?page_id=63"]}]},{"@type":"BreadcrumbList","@id":"https:\/\/brffridhem20.se\/?page_id=63#breadcrumb","itemListElement":[{"@type":"ListItem","position":1,"name":"Home","item":"https:\/\/brffridhem20.se\/"},{"@type":"ListItem","position":2,"name":"F\u00f6rvaltning"}]},{"@type":"WebSite","@id":"https:\/\/brffridhem20.se\/#website","url":"https:\/\/brffridhem20.se\/","name":"Brf Fridhem 20","description":"Bostadsr\u00e4ttsf\u00f6reningen Fridhem 20 i Malm\u00f6","potentialAction":[{"@type":"SearchAction","target":{"@type":"EntryPoint","urlTemplate":"https:\/\/brffridhem20.se\/?s={search_term_string}"},"query-input":{"@type":"PropertyValueSpecification","valueRequired":true,"valueName":"search_term_string"}}],"inLanguage":"sv-SE"}]}},"_links":{"self":[{"href":"https:\/\/brffridhem20.se\/index.php?rest_route=\/wp\/v2\/pages\/63","targetHints":{"allow":["GET"]}}],"collection":[{"href":"https:\/\/brffridhem20.se\/index.php?rest_route=\/wp\/v2\/pages"}],"about":[{"href":"https:\/\/brffridhem20.se\/index.php?rest_route=\/wp\/v2\/types\/page"}],"author":[{"embeddable":true,"href":"https:\/\/brffridhem20.se\/index.php?rest_route=\/wp\/v2\/users\/2"}],"replies":[{"embeddable":true,"href":"https:\/\/brffridhem20.se\/index.php?rest_route=%2Fwp%2Fv2%2Fcomments&post=63"}],"version-history":[{"count":5,"href":"https:\/\/brffridhem20.se\/index.php?rest_route=\/wp\/v2\/pages\/63\/revisions"}],"predecessor-version":[{"id":681,"href":"https:\/\/brffridhem20.se\/index.php?rest_route=\/wp\/v2\/pages\/63\/revisions\/681"}],"wp:attachment":[{"href":"https:\/\/brffridhem20.se\/index.php?rest_route=%2Fwp%2Fv2%2Fmedia&parent=63"}],"curies":[{"name":"wp","href":"https:\/\/api.w.org\/{rel}","templated":true}]}}