{"id":59,"date":"2022-04-07T12:58:25","date_gmt":"2022-04-07T10:58:25","guid":{"rendered":"https:\/\/brffridhem20.se\/?page_id=59"},"modified":"2026-03-02T21:16:31","modified_gmt":"2026-03-02T20:16:31","slug":"for-maklare","status":"publish","type":"page","link":"https:\/\/brffridhem20.se\/?page_id=59","title":{"rendered":"F\u00f6r m\u00e4klare"},"content":{"rendered":"<p>[et_pb_section fb_built=&#8221;1&#8243; _builder_version=&#8221;4.16.1&#8243; _module_preset=&#8221;default&#8221; use_background_color_gradient=&#8221;on&#8221; background_color_gradient_stops=&#8221;rgba(0,0,0,0.38) 1%|rgba(0,0,0,0.4) 99%&#8221; background_color_gradient_overlays_image=&#8221;on&#8221; background_image=&#8221;https:\/\/brffridhem20.se\/wp-content\/uploads\/2022\/04\/BRF-Fridhem-20-Malmo\u0308-balkong.jpeg&#8221; max_width=&#8221;97%&#8221; module_alignment=&#8221;center&#8221; custom_padding=&#8221;195px||195px||true|false&#8221; border_width_bottom=&#8221;6px&#8221; border_color_bottom=&#8221;#C0D6C5&#8243; global_colors_info=&#8221;{}&#8221;][\/et_pb_section][et_pb_section fb_built=&#8221;1&#8243; _builder_version=&#8221;4.16.1&#8243; _module_preset=&#8221;default&#8221; custom_padding=&#8221;84px||84px||true|&#8221; global_colors_info=&#8221;{}&#8221;][et_pb_row column_structure=&#8221;3_4,1_4&#8243; _builder_version=&#8221;4.16.1&#8243; _module_preset=&#8221;default&#8221; global_colors_info=&#8221;{}&#8221;][et_pb_column type=&#8221;3_4&#8243; _builder_version=&#8221;4.16.1&#8243; _module_preset=&#8221;default&#8221; global_colors_info=&#8221;{}&#8221;][et_pb_text _builder_version=&#8221;4.27.4&#8243; _module_preset=&#8221;default&#8221; header_font_size=&#8221;45px&#8221; header_line_height=&#8221;1.7em&#8221; header_3_font=&#8221;|||on|||||&#8221; header_3_text_color=&#8221;#33633D&#8221; header_3_font_size=&#8221;16px&#8221; global_colors_info=&#8221;{}&#8221;]<\/p>\n<h3><span>Brf Fridhem 20 <\/span><span>\u2013\u00a0<\/span><span>OM F\u00d6RENINGEN<\/span><\/h3>\n<h1><span>F\u00f6r dig som m\u00e4klare<\/span><\/h1>\n<p>&nbsp;<\/p>\n<h2><span>Kontakt<\/span><\/h2>\n<p><strong>E-post:<\/strong> <a href=\"mailto:info@brffridhem20.se\">info@brffridhem20.se<\/a><\/p>\n<p><strong>Brevl\u00e5da:<\/strong> Brf Fridhem 20, NABO 109312, Box 843, 851 23 Sundsvall<\/p>\n<p><span><strong>\u00d6verl\u00e5telsehandling inklusive ans\u00f6kan om in-\/uttr\u00e4de:<\/strong> Brf Fridhem 20, c\/o Nabo, Fredsgatan 12, 212 12 Malm\u00f6<\/span><\/p>\n<p>&nbsp;<\/p>\n<h2><span>Kort info<\/span><\/h2>\n<p><strong>Fastighetsbeteckning:<\/strong> Malm\u00f6 Krageholm 5.<\/p>\n<p><strong>Fastigheten:<\/strong> \u00c4r en sammanh\u00e4ngande byggnad som uppf\u00f6rdes 1944, har 2 trappuppg\u00e5ngar (Fridhemstorget 20A och 20B) och 6 v\u00e5ningsplan plus k\u00e4llare.<\/p>\n<p><strong>L\u00e4genheter &amp; lokaler:<\/strong> Fastigheten best\u00e5r av 41 bostadsl\u00e4genheter (varav \u00a05 hyresr\u00e4ttsl\u00e4genheter, per den 17 november 2025) och tv\u00e5 hyresr\u00e4ttslokaler.<span><\/span><\/p>\n<p><strong>Bostadsr\u00e4ttf\u00f6reningen:<\/strong> Brf Fridhem 20 registrerades 2005-05-09. Den 31 augusti 2021 f\u00f6rv\u00e4rvades fastigheten av Brf Fridhem 20 som <span>\u00e4r en \u00e4kta bostadsr\u00e4ttsf\u00f6rening och som \u00e4ger marken.<\/span><\/p>\n<p><strong>Teknisk f\u00f6rvaltning:<\/strong> <span>Sker via Hagtorn Fastighetsservice.<\/span><span><\/span><\/p>\n<p><strong>Ekonomisk f\u00f6rvaltning:<\/strong> <span>Sker via Nabo.<\/span><\/p>\n<p><span><strong>Uppv\u00e4rmning:<\/strong> Fj\u00e4rrv\u00e4rme fr\u00e5n Eon. Ing\u00e5r i avgiften.<\/span><\/p>\n<p><span><strong>El:<\/strong> Varje l\u00e4genhet tecknar eget abonnemang\u00a0f\u00f6r elf\u00f6rbrukning.<\/span><\/p>\n<p><strong>F\u00f6rr\u00e5d:<\/strong> Till varje l\u00e4genhet finns ett k\u00e4llarf\u00f6rr\u00e5d.<span><\/span><\/p>\n<p><strong>Cykelf\u00f6rr\u00e5d:<\/strong> Finns gemensamt i k\u00e4llaren.<\/p>\n<p><strong>Parkering:<\/strong> F\u00f6reningen tillhandah\u00e5ller inga parkerings- eller garageplatser. Gatuparkering finns p\u00e5 omgivande gator.<\/p>\n<p><strong>Kabel-TV:<\/strong> T<span>illhandah\u00e5lls mot en obligatorisk kostnad om 95 kr\/m\u00e5n. Vill boende teckna ytterligare kanalutbud g\u00f6rs det direkt med Telenor.<\/span><\/p>\n<p><strong>Internet bredband:<\/strong> <span>Internet bredband tillhandah\u00e5lls mot en obligatorisk kostnad om 90 kr\/m\u00e5n. Internetleverant\u00f6r \u00e4r Bahnhof som st\u00e5r f\u00f6r fibern med hastighet 1000\/1000 Mbit\/s.<\/span><\/p>\n<p><strong>Tv\u00e4ttstuga:<\/strong> I k\u00e4llaren finns en tv\u00e4ttstuga med tv\u00e5 tv\u00e4ttmaskiner, en torktumlare, mangel samt tv\u00e5 torkrum. Det finns \u00e4ven en mindre spontantv\u00e4ttstuga (tid beh\u00f6ver inte bokas i denna tv\u00e4ttstuga) och \u00e4r utrustad med en tv\u00e4ttmaskin och en torktumlare.<span><\/span><\/p>\n<p>&nbsp;<\/p>\n<h2><span>Underh\u00e5ll<\/span><\/h2>\n<p>Finns att l\u00e4sa mer i detalj i underh\u00e5llsplanen.<span><\/span><\/p>\n<p><strong>Genomf\u00f6rt underh\u00e5ll:<\/strong> 2000 -Byte av tappvattenstammar. 2002 -Byte av f\u00f6nster och balkongd\u00f6rrar. 2013 -Renovering av g\u00e5rdsbj\u00e4lklag. 2018 -Ny tv\u00e4ttmaskin i spontantv\u00e4ttstuga. 2019 -Renovering av yttertak. 2022 -Ny torktumlare i spontantv\u00e4ttstuga. 2022 -Armaturerna i k\u00e4llare och milj\u00f6hus byttes ut till energieffektiv LED-belysning med n\u00e4rvarostyrning. 2024 -Renovering av spill- &amp; dagvattenledningar. 2024 -V\u00e4rmeoptimering. 2025 -Komplettering av taks\u00e4kerhet (yttertak). 2025 -Renoverat l\u00e4ckage g\u00e5rdsbj\u00e4lklag. 2026 -Ny torktumlare i tv\u00e4ttstuga.<span><\/span><\/p>\n<p><strong>Planerat underh\u00e5ll:<\/strong> N\u00e4rmast kommande renoveringar \u00e4r -Lagning och m\u00e5lning av cykelrum i k\u00e4llare. -Ny trappbelysning. -Ny portkod\/porttelefon.\u00a0<\/p>\n<p>&nbsp;<\/p>\n<h2><span>F\u00f6rs\u00e4ljning<\/span><\/h2>\n<p>\u00d6verl\u00e5telseavgiften \u00e4r 2,5 % och pants\u00e4ttningsavgiften \u00e4r 1 % av g\u00e4llande prisbasbelopp.<\/p>\n<p>\u00d6verl\u00e5telseavgift betalas av f\u00f6rv\u00e4rvaren och pants\u00e4ttningsavgift betalas av pants\u00e4ttaren.<\/p>\n<p>I samband med \u00f6verl\u00e5telse g\u00f6r f\u00f6reningen en tillsyn.<\/p>\n<p><span><\/span><\/p>\n<p><span><\/span><\/p>\n<p>[\/et_pb_text][\/et_pb_column][et_pb_column type=&#8221;1_4&#8243; _builder_version=&#8221;4.16.1&#8243; _module_preset=&#8221;default&#8221; global_colors_info=&#8221;{}&#8221;][\/et_pb_column][\/et_pb_row][et_pb_row column_structure=&#8221;1_3,1_3,1_3&#8243; use_custom_gutter=&#8221;on&#8221; gutter_width=&#8221;1&#8243; _builder_version=&#8221;4.16.1&#8243; _module_preset=&#8221;default&#8221; global_colors_info=&#8221;{}&#8221;][et_pb_column type=&#8221;1_3&#8243; _builder_version=&#8221;4.16.1&#8243; _module_preset=&#8221;default&#8221; global_colors_info=&#8221;{}&#8221;][et_pb_image src=&#8221;https:\/\/brffridhem20.se\/wp-content\/uploads\/2022\/04\/BRF-Fridhem-Malmo\u0308.jpeg&#8221; title_text=&#8221;BRF Fridhem Malmo\u0308&#8221; _builder_version=&#8221;4.16.1&#8243; _module_preset=&#8221;default&#8221; global_colors_info=&#8221;{}&#8221;][\/et_pb_image][\/et_pb_column][et_pb_column type=&#8221;1_3&#8243; _builder_version=&#8221;4.16.1&#8243; _module_preset=&#8221;default&#8221; global_colors_info=&#8221;{}&#8221;][et_pb_image src=&#8221;https:\/\/brffridhem20.se\/wp-content\/uploads\/2022\/04\/BRF-Fridhem-20-Malmo\u0308-havsutsikt.jpeg&#8221; title_text=&#8221;BRF Fridhem 20 Malmo\u0308 havsutsikt&#8221; _builder_version=&#8221;4.16.1&#8243; _module_preset=&#8221;default&#8221; global_colors_info=&#8221;{}&#8221;][\/et_pb_image][\/et_pb_column][et_pb_column type=&#8221;1_3&#8243; _builder_version=&#8221;4.16.1&#8243; _module_preset=&#8221;default&#8221; global_colors_info=&#8221;{}&#8221;][et_pb_image src=&#8221;https:\/\/brffridhem20.se\/wp-content\/uploads\/2022\/04\/BRF-Fridhme-Malmo\u0308-fasad.jpeg&#8221; title_text=&#8221;BRF Fridhme Malmo\u0308 fasad&#8221; _builder_version=&#8221;4.16.1&#8243; _module_preset=&#8221;default&#8221; global_colors_info=&#8221;{}&#8221;][\/et_pb_image][\/et_pb_column][\/et_pb_row][\/et_pb_section]<\/p>\n","protected":false},"excerpt":{"rendered":"<p>Brf Fridhem 20 \u2013\u00a0OM F\u00d6RENINGEN F\u00f6r dig som m\u00e4klare &nbsp; Kontakt E-post: info@brffridhem20.se Brevl\u00e5da: Brf Fridhem 20, NABO 109312, Box 843, 851 23 Sundsvall \u00d6verl\u00e5telsehandling inklusive ans\u00f6kan om in-\/uttr\u00e4de: Brf Fridhem 20, c\/o Nabo, Fredsgatan 12, 212 12 Malm\u00f6 &nbsp; Kort info Fastighetsbeteckning: Malm\u00f6 Krageholm 5. Fastigheten: \u00c4r en sammanh\u00e4ngande byggnad som uppf\u00f6rdes 1944, har [&hellip;]<\/p>\n","protected":false},"author":2,"featured_media":0,"parent":0,"menu_order":0,"comment_status":"closed","ping_status":"closed","template":"","meta":{"_et_pb_use_builder":"on","_et_pb_old_content":"","_et_gb_content_width":"","footnotes":""},"class_list":["post-59","page","type-page","status-publish","hentry"],"yoast_head":"<!-- This site is optimized with the Yoast SEO plugin v27.5 - https:\/\/yoast.com\/product\/yoast-seo-wordpress\/ -->\n<title>F\u00f6r m\u00e4klare - Brf Fridhem 20<\/title>\n<meta name=\"robots\" content=\"index, follow, max-snippet:-1, max-image-preview:large, max-video-preview:-1\" \/>\n<link rel=\"canonical\" href=\"https:\/\/brffridhem20.se\/?page_id=59\" \/>\n<meta property=\"og:locale\" content=\"sv_SE\" \/>\n<meta property=\"og:type\" content=\"article\" \/>\n<meta property=\"og:title\" content=\"F\u00f6r m\u00e4klare - Brf Fridhem 20\" \/>\n<meta property=\"og:description\" content=\"Brf Fridhem 20 \u2013\u00a0OM F\u00d6RENINGEN F\u00f6r dig som m\u00e4klare &nbsp; Kontakt E-post: info@brffridhem20.se Brevl\u00e5da: Brf Fridhem 20, NABO 109312, Box 843, 851 23 Sundsvall \u00d6verl\u00e5telsehandling inklusive ans\u00f6kan om in-\/uttr\u00e4de: Brf Fridhem 20, c\/o Nabo, Fredsgatan 12, 212 12 Malm\u00f6 &nbsp; Kort info Fastighetsbeteckning: Malm\u00f6 Krageholm 5. Fastigheten: \u00c4r en sammanh\u00e4ngande byggnad som uppf\u00f6rdes 1944, har [&hellip;]\" \/>\n<meta property=\"og:url\" content=\"https:\/\/brffridhem20.se\/?page_id=59\" \/>\n<meta property=\"og:site_name\" content=\"Brf Fridhem 20\" \/>\n<meta property=\"article:modified_time\" content=\"2026-03-02T20:16:31+00:00\" \/>\n<meta name=\"twitter:card\" content=\"summary_large_image\" \/>\n<script type=\"application\/ld+json\" class=\"yoast-schema-graph\">{\"@context\":\"https:\\\/\\\/schema.org\",\"@graph\":[{\"@type\":\"WebPage\",\"@id\":\"https:\\\/\\\/brffridhem20.se\\\/?page_id=59\",\"url\":\"https:\\\/\\\/brffridhem20.se\\\/?page_id=59\",\"name\":\"F\u00f6r m\u00e4klare - Brf Fridhem 20\",\"isPartOf\":{\"@id\":\"https:\\\/\\\/brffridhem20.se\\\/#website\"},\"datePublished\":\"2022-04-07T10:58:25+00:00\",\"dateModified\":\"2026-03-02T20:16:31+00:00\",\"breadcrumb\":{\"@id\":\"https:\\\/\\\/brffridhem20.se\\\/?page_id=59#breadcrumb\"},\"inLanguage\":\"sv-SE\",\"potentialAction\":[{\"@type\":\"ReadAction\",\"target\":[\"https:\\\/\\\/brffridhem20.se\\\/?page_id=59\"]}]},{\"@type\":\"BreadcrumbList\",\"@id\":\"https:\\\/\\\/brffridhem20.se\\\/?page_id=59#breadcrumb\",\"itemListElement\":[{\"@type\":\"ListItem\",\"position\":1,\"name\":\"Home\",\"item\":\"https:\\\/\\\/brffridhem20.se\\\/\"},{\"@type\":\"ListItem\",\"position\":2,\"name\":\"F\u00f6r m\u00e4klare\"}]},{\"@type\":\"WebSite\",\"@id\":\"https:\\\/\\\/brffridhem20.se\\\/#website\",\"url\":\"https:\\\/\\\/brffridhem20.se\\\/\",\"name\":\"Brf Fridhem 20\",\"description\":\"Bostadsr\u00e4ttsf\u00f6reningen Fridhem 20 i Malm\u00f6\",\"potentialAction\":[{\"@type\":\"SearchAction\",\"target\":{\"@type\":\"EntryPoint\",\"urlTemplate\":\"https:\\\/\\\/brffridhem20.se\\\/?s={search_term_string}\"},\"query-input\":{\"@type\":\"PropertyValueSpecification\",\"valueRequired\":true,\"valueName\":\"search_term_string\"}}],\"inLanguage\":\"sv-SE\"}]}<\/script>\n<!-- \/ Yoast SEO plugin. -->","yoast_head_json":{"title":"F\u00f6r m\u00e4klare - Brf Fridhem 20","robots":{"index":"index","follow":"follow","max-snippet":"max-snippet:-1","max-image-preview":"max-image-preview:large","max-video-preview":"max-video-preview:-1"},"canonical":"https:\/\/brffridhem20.se\/?page_id=59","og_locale":"sv_SE","og_type":"article","og_title":"F\u00f6r m\u00e4klare - Brf Fridhem 20","og_description":"Brf Fridhem 20 \u2013\u00a0OM F\u00d6RENINGEN F\u00f6r dig som m\u00e4klare &nbsp; Kontakt E-post: info@brffridhem20.se Brevl\u00e5da: Brf Fridhem 20, NABO 109312, Box 843, 851 23 Sundsvall \u00d6verl\u00e5telsehandling inklusive ans\u00f6kan om in-\/uttr\u00e4de: Brf Fridhem 20, c\/o Nabo, Fredsgatan 12, 212 12 Malm\u00f6 &nbsp; Kort info Fastighetsbeteckning: Malm\u00f6 Krageholm 5. Fastigheten: \u00c4r en sammanh\u00e4ngande byggnad som uppf\u00f6rdes 1944, har [&hellip;]","og_url":"https:\/\/brffridhem20.se\/?page_id=59","og_site_name":"Brf Fridhem 20","article_modified_time":"2026-03-02T20:16:31+00:00","twitter_card":"summary_large_image","schema":{"@context":"https:\/\/schema.org","@graph":[{"@type":"WebPage","@id":"https:\/\/brffridhem20.se\/?page_id=59","url":"https:\/\/brffridhem20.se\/?page_id=59","name":"F\u00f6r m\u00e4klare - Brf Fridhem 20","isPartOf":{"@id":"https:\/\/brffridhem20.se\/#website"},"datePublished":"2022-04-07T10:58:25+00:00","dateModified":"2026-03-02T20:16:31+00:00","breadcrumb":{"@id":"https:\/\/brffridhem20.se\/?page_id=59#breadcrumb"},"inLanguage":"sv-SE","potentialAction":[{"@type":"ReadAction","target":["https:\/\/brffridhem20.se\/?page_id=59"]}]},{"@type":"BreadcrumbList","@id":"https:\/\/brffridhem20.se\/?page_id=59#breadcrumb","itemListElement":[{"@type":"ListItem","position":1,"name":"Home","item":"https:\/\/brffridhem20.se\/"},{"@type":"ListItem","position":2,"name":"F\u00f6r m\u00e4klare"}]},{"@type":"WebSite","@id":"https:\/\/brffridhem20.se\/#website","url":"https:\/\/brffridhem20.se\/","name":"Brf Fridhem 20","description":"Bostadsr\u00e4ttsf\u00f6reningen Fridhem 20 i Malm\u00f6","potentialAction":[{"@type":"SearchAction","target":{"@type":"EntryPoint","urlTemplate":"https:\/\/brffridhem20.se\/?s={search_term_string}"},"query-input":{"@type":"PropertyValueSpecification","valueRequired":true,"valueName":"search_term_string"}}],"inLanguage":"sv-SE"}]}},"_links":{"self":[{"href":"https:\/\/brffridhem20.se\/index.php?rest_route=\/wp\/v2\/pages\/59","targetHints":{"allow":["GET"]}}],"collection":[{"href":"https:\/\/brffridhem20.se\/index.php?rest_route=\/wp\/v2\/pages"}],"about":[{"href":"https:\/\/brffridhem20.se\/index.php?rest_route=\/wp\/v2\/types\/page"}],"author":[{"embeddable":true,"href":"https:\/\/brffridhem20.se\/index.php?rest_route=\/wp\/v2\/users\/2"}],"replies":[{"embeddable":true,"href":"https:\/\/brffridhem20.se\/index.php?rest_route=%2Fwp%2Fv2%2Fcomments&post=59"}],"version-history":[{"count":5,"href":"https:\/\/brffridhem20.se\/index.php?rest_route=\/wp\/v2\/pages\/59\/revisions"}],"predecessor-version":[{"id":690,"href":"https:\/\/brffridhem20.se\/index.php?rest_route=\/wp\/v2\/pages\/59\/revisions\/690"}],"wp:attachment":[{"href":"https:\/\/brffridhem20.se\/index.php?rest_route=%2Fwp%2Fv2%2Fmedia&parent=59"}],"curies":[{"name":"wp","href":"https:\/\/api.w.org\/{rel}","templated":true}]}}