{"id":34,"date":"2022-04-07T12:22:22","date_gmt":"2022-04-07T10:22:22","guid":{"rendered":"https:\/\/brffridhem20.se\/?page_id=34"},"modified":"2026-02-10T23:16:22","modified_gmt":"2026-02-10T22:16:22","slug":"hem","status":"publish","type":"page","link":"https:\/\/brffridhem20.se\/","title":{"rendered":"Hem"},"content":{"rendered":"<p>[et_pb_section fb_built=&#8221;1&#8243; _builder_version=&#8221;4.17.4&#8243; _module_preset=&#8221;default&#8221; use_background_color_gradient=&#8221;on&#8221; background_color_gradient_stops=&#8221;rgba(0,0,0,0.31) 0%|rgba(0,0,0,0.65) 99%&#8221; background_color_gradient_overlays_image=&#8221;on&#8221; background_image=&#8221;https:\/\/brffridhem20.se\/wp-content\/uploads\/2022\/04\/BRF-Fridhme-Malmo\u0308-fasad.jpeg&#8221; parallax=&#8221;on&#8221; max_width=&#8221;97%&#8221; module_alignment=&#8221;center&#8221; custom_padding=&#8221;230px||230px||true|false&#8221; border_width_bottom=&#8221;6px&#8221; border_color_bottom=&#8221;#C0D6C5&#8243; global_colors_info=&#8221;{}&#8221;][et_pb_row _builder_version=&#8221;4.16.1&#8243; _module_preset=&#8221;default&#8221; global_colors_info=&#8221;{}&#8221;][et_pb_column type=&#8221;4_4&#8243; _builder_version=&#8221;4.16.1&#8243; _module_preset=&#8221;default&#8221; global_colors_info=&#8221;{}&#8221;][et_pb_text _builder_version=&#8221;4.20.4&#8243; _module_preset=&#8221;default&#8221; text_text_color=&#8221;#FFFFFF&#8221; header_font=&#8221;Abhaya Libre|300|||||||&#8221; header_text_align=&#8221;center&#8221; header_text_color=&#8221;#FFFFFF&#8221; header_font_size=&#8221;82pt&#8221; text_orientation=&#8221;center&#8221; header_font_size_tablet=&#8221;82pt&#8221; header_font_size_phone=&#8221;60pt&#8221; header_font_size_last_edited=&#8221;on|phone&#8221; global_colors_info=&#8221;{}&#8221;]<\/p>\n<h1>Brf Fridhem 20<\/h1>\n<p><span>Fridhemstorget 20 A och 20 B i Malm\u00f6\u00a0<\/span><\/p>\n<p>[\/et_pb_text][\/et_pb_column][\/et_pb_row][\/et_pb_section][et_pb_section fb_built=&#8221;1&#8243; _builder_version=&#8221;4.16.1&#8243; _module_preset=&#8221;default&#8221; custom_padding=&#8221;84px||84px||true|&#8221; global_colors_info=&#8221;{}&#8221;][et_pb_row column_structure=&#8221;1_2,1_2&#8243; _builder_version=&#8221;4.16.1&#8243; _module_preset=&#8221;default&#8221; global_colors_info=&#8221;{}&#8221;][et_pb_column type=&#8221;1_2&#8243; _builder_version=&#8221;4.16.1&#8243; _module_preset=&#8221;default&#8221; global_colors_info=&#8221;{}&#8221;][et_pb_text _builder_version=&#8221;4.17.4&#8243; _module_preset=&#8221;default&#8221; global_colors_info=&#8221;{}&#8221;]<\/p>\n<p><span lang=\"sv-SE\">V\u00e4lkomna till v\u00e5r hemsida och bostadsr\u00e4ttsf\u00f6reningen Fridhem 20. <\/span><\/p>\n<p><span lang=\"sv-SE\">2021 f\u00f6rv\u00e4rvade vi v\u00e5r fastighet s\u00e5 vi \u00e4r en relativt nybildad f\u00f6rening med h\u00f6ga ambitioner. Fastigheten best\u00e5r av 41 l\u00e4genheter och 2 lokaler och huset byggdes 1944.<\/span><\/p>\n<p><span lang=\"sv-SE\">Vi anser att vi har Malm\u00f6s i s\u00e4rklass b\u00e4sta adress, Fridhemstorget 20 A och 20 B d\u00e5 vi ligger centralt och n\u00e4ra till allt man kan t\u00e4nkas beh\u00f6va. Med 3 minuters g\u00e5ngavst\u00e5nd har vi Malm\u00f6s riviera, kilometerl\u00e5nga sandstranden Ribban med motionssp\u00e5r, handikappsbad och kallbadhus f\u00f6r de som vill. Runt om har vi diverse mataff\u00e4rer, restauranger, caf\u00e9er, kl\u00e4desbutiker och fris\u00f6rer. Med buss n\u00e4stan utanf\u00f6r d\u00f6rren tar vi oss till centralen p\u00e5 ca 10 minuter om vi inte v\u00e4ljer att promenera eller ta cykeln till stan genom Slottsparken. Vi har allt fr\u00e5n lugnet till pulsen p\u00e5 den b\u00e4sta l\u00e4get i Malm\u00f6. <\/span><\/p>\n<p>[\/et_pb_text][\/et_pb_column][et_pb_column type=&#8221;1_2&#8243; _builder_version=&#8221;4.16.1&#8243; _module_preset=&#8221;default&#8221; global_colors_info=&#8221;{}&#8221;][et_pb_text _builder_version=&#8221;4.20.4&#8243; _module_preset=&#8221;default&#8221; global_colors_info=&#8221;{}&#8221;]<\/p>\n<p><span>V\u00e4ntar du p\u00e5 svar fr\u00e5n v\u00e5r e-post? Kolla g\u00e4rna din skr\u00e4pkorg s\u00e5 att v\u00e5rt svar inte hamnat d\u00e4r.<\/span><\/p>\n<p>[\/et_pb_text][\/et_pb_column][\/et_pb_row][\/et_pb_section]<\/p>\n","protected":false},"excerpt":{"rendered":"<p>Brf Fridhem 20 Fridhemstorget 20 A och 20 B i Malm\u00f6\u00a0V\u00e4lkomna till v\u00e5r hemsida och bostadsr\u00e4ttsf\u00f6reningen Fridhem 20. 2021 f\u00f6rv\u00e4rvade vi v\u00e5r fastighet s\u00e5 vi \u00e4r en relativt nybildad f\u00f6rening med h\u00f6ga ambitioner. Fastigheten best\u00e5r av 41 l\u00e4genheter och 2 lokaler och huset byggdes 1944. Vi anser att vi har Malm\u00f6s i s\u00e4rklass b\u00e4sta adress, [&hellip;]<\/p>\n","protected":false},"author":2,"featured_media":0,"parent":0,"menu_order":0,"comment_status":"closed","ping_status":"closed","template":"","meta":{"_et_pb_use_builder":"on","_et_pb_old_content":"","_et_gb_content_width":"","footnotes":""},"class_list":["post-34","page","type-page","status-publish","hentry"],"yoast_head":"<!-- This site is optimized with the Yoast SEO plugin v27.5 - https:\/\/yoast.com\/product\/yoast-seo-wordpress\/ -->\n<title>Hem - Brf Fridhem 20<\/title>\n<meta name=\"robots\" content=\"index, follow, max-snippet:-1, max-image-preview:large, max-video-preview:-1\" \/>\n<link rel=\"canonical\" href=\"https:\/\/brffridhem20.se\/\" \/>\n<meta property=\"og:locale\" content=\"sv_SE\" \/>\n<meta property=\"og:type\" content=\"article\" \/>\n<meta property=\"og:title\" content=\"Hem - Brf Fridhem 20\" \/>\n<meta property=\"og:description\" content=\"Brf Fridhem 20 Fridhemstorget 20 A och 20 B i Malm\u00f6\u00a0V\u00e4lkomna till v\u00e5r hemsida och bostadsr\u00e4ttsf\u00f6reningen Fridhem 20. 2021 f\u00f6rv\u00e4rvade vi v\u00e5r fastighet s\u00e5 vi \u00e4r en relativt nybildad f\u00f6rening med h\u00f6ga ambitioner. Fastigheten best\u00e5r av 41 l\u00e4genheter och 2 lokaler och huset byggdes 1944. Vi anser att vi har Malm\u00f6s i s\u00e4rklass b\u00e4sta adress, [&hellip;]\" \/>\n<meta property=\"og:url\" content=\"https:\/\/brffridhem20.se\/\" \/>\n<meta property=\"og:site_name\" content=\"Brf Fridhem 20\" \/>\n<meta property=\"article:modified_time\" content=\"2026-02-10T22:16:22+00:00\" \/>\n<meta name=\"twitter:card\" content=\"summary_large_image\" \/>\n<script type=\"application\/ld+json\" class=\"yoast-schema-graph\">{\"@context\":\"https:\\\/\\\/schema.org\",\"@graph\":[{\"@type\":\"WebPage\",\"@id\":\"https:\\\/\\\/brffridhem20.se\\\/\",\"url\":\"https:\\\/\\\/brffridhem20.se\\\/\",\"name\":\"Hem - Brf Fridhem 20\",\"isPartOf\":{\"@id\":\"https:\\\/\\\/brffridhem20.se\\\/#website\"},\"datePublished\":\"2022-04-07T10:22:22+00:00\",\"dateModified\":\"2026-02-10T22:16:22+00:00\",\"breadcrumb\":{\"@id\":\"https:\\\/\\\/brffridhem20.se\\\/#breadcrumb\"},\"inLanguage\":\"sv-SE\",\"potentialAction\":[{\"@type\":\"ReadAction\",\"target\":[\"https:\\\/\\\/brffridhem20.se\\\/\"]}]},{\"@type\":\"BreadcrumbList\",\"@id\":\"https:\\\/\\\/brffridhem20.se\\\/#breadcrumb\",\"itemListElement\":[{\"@type\":\"ListItem\",\"position\":1,\"name\":\"Home\",\"item\":\"https:\\\/\\\/brffridhem20.se\\\/\"},{\"@type\":\"ListItem\",\"position\":2,\"name\":\"Hem\"}]},{\"@type\":\"WebSite\",\"@id\":\"https:\\\/\\\/brffridhem20.se\\\/#website\",\"url\":\"https:\\\/\\\/brffridhem20.se\\\/\",\"name\":\"Brf Fridhem 20\",\"description\":\"Bostadsr\u00e4ttsf\u00f6reningen Fridhem 20 i Malm\u00f6\",\"potentialAction\":[{\"@type\":\"SearchAction\",\"target\":{\"@type\":\"EntryPoint\",\"urlTemplate\":\"https:\\\/\\\/brffridhem20.se\\\/?s={search_term_string}\"},\"query-input\":{\"@type\":\"PropertyValueSpecification\",\"valueRequired\":true,\"valueName\":\"search_term_string\"}}],\"inLanguage\":\"sv-SE\"}]}<\/script>\n<!-- \/ Yoast SEO plugin. -->","yoast_head_json":{"title":"Hem - Brf Fridhem 20","robots":{"index":"index","follow":"follow","max-snippet":"max-snippet:-1","max-image-preview":"max-image-preview:large","max-video-preview":"max-video-preview:-1"},"canonical":"https:\/\/brffridhem20.se\/","og_locale":"sv_SE","og_type":"article","og_title":"Hem - Brf Fridhem 20","og_description":"Brf Fridhem 20 Fridhemstorget 20 A och 20 B i Malm\u00f6\u00a0V\u00e4lkomna till v\u00e5r hemsida och bostadsr\u00e4ttsf\u00f6reningen Fridhem 20. 2021 f\u00f6rv\u00e4rvade vi v\u00e5r fastighet s\u00e5 vi \u00e4r en relativt nybildad f\u00f6rening med h\u00f6ga ambitioner. Fastigheten best\u00e5r av 41 l\u00e4genheter och 2 lokaler och huset byggdes 1944. Vi anser att vi har Malm\u00f6s i s\u00e4rklass b\u00e4sta adress, [&hellip;]","og_url":"https:\/\/brffridhem20.se\/","og_site_name":"Brf Fridhem 20","article_modified_time":"2026-02-10T22:16:22+00:00","twitter_card":"summary_large_image","schema":{"@context":"https:\/\/schema.org","@graph":[{"@type":"WebPage","@id":"https:\/\/brffridhem20.se\/","url":"https:\/\/brffridhem20.se\/","name":"Hem - Brf Fridhem 20","isPartOf":{"@id":"https:\/\/brffridhem20.se\/#website"},"datePublished":"2022-04-07T10:22:22+00:00","dateModified":"2026-02-10T22:16:22+00:00","breadcrumb":{"@id":"https:\/\/brffridhem20.se\/#breadcrumb"},"inLanguage":"sv-SE","potentialAction":[{"@type":"ReadAction","target":["https:\/\/brffridhem20.se\/"]}]},{"@type":"BreadcrumbList","@id":"https:\/\/brffridhem20.se\/#breadcrumb","itemListElement":[{"@type":"ListItem","position":1,"name":"Home","item":"https:\/\/brffridhem20.se\/"},{"@type":"ListItem","position":2,"name":"Hem"}]},{"@type":"WebSite","@id":"https:\/\/brffridhem20.se\/#website","url":"https:\/\/brffridhem20.se\/","name":"Brf Fridhem 20","description":"Bostadsr\u00e4ttsf\u00f6reningen Fridhem 20 i Malm\u00f6","potentialAction":[{"@type":"SearchAction","target":{"@type":"EntryPoint","urlTemplate":"https:\/\/brffridhem20.se\/?s={search_term_string}"},"query-input":{"@type":"PropertyValueSpecification","valueRequired":true,"valueName":"search_term_string"}}],"inLanguage":"sv-SE"}]}},"_links":{"self":[{"href":"https:\/\/brffridhem20.se\/index.php?rest_route=\/wp\/v2\/pages\/34","targetHints":{"allow":["GET"]}}],"collection":[{"href":"https:\/\/brffridhem20.se\/index.php?rest_route=\/wp\/v2\/pages"}],"about":[{"href":"https:\/\/brffridhem20.se\/index.php?rest_route=\/wp\/v2\/types\/page"}],"author":[{"embeddable":true,"href":"https:\/\/brffridhem20.se\/index.php?rest_route=\/wp\/v2\/users\/2"}],"replies":[{"embeddable":true,"href":"https:\/\/brffridhem20.se\/index.php?rest_route=%2Fwp%2Fv2%2Fcomments&post=34"}],"version-history":[{"count":5,"href":"https:\/\/brffridhem20.se\/index.php?rest_route=\/wp\/v2\/pages\/34\/revisions"}],"predecessor-version":[{"id":585,"href":"https:\/\/brffridhem20.se\/index.php?rest_route=\/wp\/v2\/pages\/34\/revisions\/585"}],"wp:attachment":[{"href":"https:\/\/brffridhem20.se\/index.php?rest_route=%2Fwp%2Fv2%2Fmedia&parent=34"}],"curies":[{"name":"wp","href":"https:\/\/api.w.org\/{rel}","templated":true}]}}