{"id":268,"date":"2022-08-08T21:49:26","date_gmt":"2022-08-08T19:49:26","guid":{"rendered":"https:\/\/brffridhem20.se\/?page_id=268"},"modified":"2022-08-09T13:39:36","modified_gmt":"2022-08-09T11:39:36","slug":"trivselregler","status":"publish","type":"page","link":"https:\/\/brffridhem20.se\/?page_id=268","title":{"rendered":"Trivselregler"},"content":{"rendered":"<p>[et_pb_section fb_built=&#8221;1&#8243; _builder_version=&#8221;4.16.1&#8243; _module_preset=&#8221;default&#8221; use_background_color_gradient=&#8221;on&#8221; background_color_gradient_stops=&#8221;rgba(0,0,0,0.38) 1%|rgba(0,0,0,0.4) 99%&#8221; background_color_gradient_overlays_image=&#8221;on&#8221; background_image=&#8221;https:\/\/brffridhem20.se\/wp-content\/uploads\/2022\/04\/BRF-Fridhem-Malmo\u0308-1.jpeg&#8221; max_width=&#8221;97%&#8221; module_alignment=&#8221;center&#8221; custom_padding=&#8221;195px||195px||true|false&#8221; border_width_bottom=&#8221;6px&#8221; border_color_bottom=&#8221;#C0D6C5&#8243; global_colors_info=&#8221;{}&#8221;][\/et_pb_section][et_pb_section fb_built=&#8221;1&#8243; _builder_version=&#8221;4.16.1&#8243; _module_preset=&#8221;default&#8221; custom_padding=&#8221;84px||84px||true|&#8221; global_colors_info=&#8221;{}&#8221;][et_pb_row column_structure=&#8221;3_4,1_4&#8243; _builder_version=&#8221;4.16.1&#8243; _module_preset=&#8221;default&#8221; custom_padding=&#8221;||0px||false|false&#8221; global_colors_info=&#8221;{}&#8221;][et_pb_column type=&#8221;3_4&#8243; _builder_version=&#8221;4.16.1&#8243; _module_preset=&#8221;default&#8221; global_colors_info=&#8221;{}&#8221;][et_pb_text _builder_version=&#8221;4.16.1&#8243; _module_preset=&#8221;default&#8221; header_font_size=&#8221;45px&#8221; header_line_height=&#8221;1.7em&#8221; header_3_font=&#8221;|||on|||||&#8221; header_3_text_color=&#8221;#33633D&#8221; header_3_font_size=&#8221;16px&#8221; global_colors_info=&#8221;{}&#8221;]<\/p>\n<h3><span>Brf Fridhem 20 &#8211; F\u00f6r dig som boende<\/span><\/h3>\n<h1><span>Trivselregler<\/span><\/h1>\n<p>[\/et_pb_text][\/et_pb_column][et_pb_column type=&#8221;1_4&#8243; _builder_version=&#8221;4.16.1&#8243; _module_preset=&#8221;default&#8221; global_colors_info=&#8221;{}&#8221;][\/et_pb_column][\/et_pb_row][et_pb_row column_structure=&#8221;3_5,2_5&#8243; _builder_version=&#8221;4.16.1&#8243; _module_preset=&#8221;default&#8221; global_colors_info=&#8221;{}&#8221;][et_pb_column type=&#8221;3_5&#8243; _builder_version=&#8221;4.16.1&#8243; _module_preset=&#8221;default&#8221; global_colors_info=&#8221;{}&#8221;][et_pb_text _builder_version=&#8221;4.16.1&#8243; _module_preset=&#8221;default&#8221; global_colors_info=&#8221;{}&#8221;]<\/p>\n<p><strong>Viktigt att k\u00e4nna till v\u00e5ra trivselregler.<\/strong><\/p>\n<p><span>Som medlem \u00e4r man skyldig att f\u00f6lja f\u00f6reningens trivselregler. Dessa \u00e4r till f\u00f6r att skapa ordning, s\u00e5 att vi alla ska kunna trivas med v\u00e5rt boende och v\u00e5ra grannar. <\/span><\/p>\n<p><span>Ladda ner aktuell version av trivselreglerna i pdf-format via knappen . Det \u00e4r alltid senaste versionen som g\u00e4ller.<\/span><\/p>\n<p>[\/et_pb_text][\/et_pb_column][et_pb_column type=&#8221;2_5&#8243; _builder_version=&#8221;4.16.1&#8243; _module_preset=&#8221;default&#8221; global_colors_info=&#8221;{}&#8221;][et_pb_button button_url=&#8221;@ET-DC@eyJkeW5hbWljIjp0cnVlLCJjb250ZW50IjoicG9zdF9saW5rX3VybF9hdHRhY2htZW50Iiwic2V0dGluZ3MiOnsicG9zdF9pZCI6IjI3MyJ9fQ==@&#8221; button_text=&#8221;Ladda ner Trivselregler&#8221; _builder_version=&#8221;4.17.4&#8243; _dynamic_attributes=&#8221;button_url&#8221; _module_preset=&#8221;default&#8221; custom_button=&#8221;on&#8221; button_text_size=&#8221;14px&#8221; button_text_color=&#8221;#33633D&#8221; button_bg_color=&#8221;RGBA(255,255,255,0)&#8221; button_border_width=&#8221;1px&#8221; button_border_color=&#8221;#33633D&#8221; button_border_radius=&#8221;0px&#8221; button_font=&#8221;||||||||&#8221; button_icon=&#8221;&#xe092;||divi||400&#8243; button_on_hover=&#8221;off&#8221; custom_padding=&#8221;20px|40px|20px|30px|true|false&#8221; global_colors_info=&#8221;{}&#8221; button_bg_color__hover_enabled=&#8221;on|hover&#8221; button_bg_color__hover=&#8221;#C0D6C5&#8243; button_bg_enable_color__hover=&#8221;on&#8221; button_border_color__hover_enabled=&#8221;on|hover&#8221; button_border_color__hover=&#8221;#C0D6C5&#8243; button_text_color__hover_enabled=&#8221;on|desktop&#8221; button_text_color__hover=&#8221;#33633D&#8221;][\/et_pb_button][\/et_pb_column][\/et_pb_row][\/et_pb_section]<\/p>\n","protected":false},"excerpt":{"rendered":"<p>Brf Fridhem 20 &#8211; F\u00f6r dig som boende TrivselreglerViktigt att k\u00e4nna till v\u00e5ra trivselregler. Som medlem \u00e4r man skyldig att f\u00f6lja f\u00f6reningens trivselregler. Dessa \u00e4r till f\u00f6r att skapa ordning, s\u00e5 att vi alla ska kunna trivas med v\u00e5rt boende och v\u00e5ra grannar. Ladda ner aktuell version av trivselreglerna i pdf-format via knappen . Det [&hellip;]<\/p>\n","protected":false},"author":3,"featured_media":0,"parent":0,"menu_order":0,"comment_status":"closed","ping_status":"closed","template":"","meta":{"_et_pb_use_builder":"on","_et_pb_old_content":"","_et_gb_content_width":"","footnotes":""},"class_list":["post-268","page","type-page","status-publish","hentry"],"yoast_head":"<!-- This site is optimized with the Yoast SEO plugin v27.5 - https:\/\/yoast.com\/product\/yoast-seo-wordpress\/ -->\n<title>Trivselregler - Brf Fridhem 20<\/title>\n<meta name=\"robots\" content=\"index, follow, max-snippet:-1, max-image-preview:large, max-video-preview:-1\" \/>\n<link rel=\"canonical\" href=\"https:\/\/brffridhem20.se\/?page_id=268\" \/>\n<meta property=\"og:locale\" content=\"sv_SE\" \/>\n<meta property=\"og:type\" content=\"article\" \/>\n<meta property=\"og:title\" content=\"Trivselregler - Brf Fridhem 20\" \/>\n<meta property=\"og:description\" content=\"Brf Fridhem 20 - F\u00f6r dig som boende TrivselreglerViktigt att k\u00e4nna till v\u00e5ra trivselregler. Som medlem \u00e4r man skyldig att f\u00f6lja f\u00f6reningens trivselregler. Dessa \u00e4r till f\u00f6r att skapa ordning, s\u00e5 att vi alla ska kunna trivas med v\u00e5rt boende och v\u00e5ra grannar. Ladda ner aktuell version av trivselreglerna i pdf-format via knappen . Det [&hellip;]\" \/>\n<meta property=\"og:url\" content=\"https:\/\/brffridhem20.se\/?page_id=268\" \/>\n<meta property=\"og:site_name\" content=\"Brf Fridhem 20\" \/>\n<meta property=\"article:modified_time\" content=\"2022-08-09T11:39:36+00:00\" \/>\n<meta name=\"twitter:card\" content=\"summary_large_image\" \/>\n<script type=\"application\/ld+json\" class=\"yoast-schema-graph\">{\"@context\":\"https:\\\/\\\/schema.org\",\"@graph\":[{\"@type\":\"WebPage\",\"@id\":\"https:\\\/\\\/brffridhem20.se\\\/?page_id=268\",\"url\":\"https:\\\/\\\/brffridhem20.se\\\/?page_id=268\",\"name\":\"Trivselregler - Brf Fridhem 20\",\"isPartOf\":{\"@id\":\"https:\\\/\\\/brffridhem20.se\\\/#website\"},\"datePublished\":\"2022-08-08T19:49:26+00:00\",\"dateModified\":\"2022-08-09T11:39:36+00:00\",\"breadcrumb\":{\"@id\":\"https:\\\/\\\/brffridhem20.se\\\/?page_id=268#breadcrumb\"},\"inLanguage\":\"sv-SE\",\"potentialAction\":[{\"@type\":\"ReadAction\",\"target\":[\"https:\\\/\\\/brffridhem20.se\\\/?page_id=268\"]}]},{\"@type\":\"BreadcrumbList\",\"@id\":\"https:\\\/\\\/brffridhem20.se\\\/?page_id=268#breadcrumb\",\"itemListElement\":[{\"@type\":\"ListItem\",\"position\":1,\"name\":\"Home\",\"item\":\"https:\\\/\\\/brffridhem20.se\\\/\"},{\"@type\":\"ListItem\",\"position\":2,\"name\":\"Trivselregler\"}]},{\"@type\":\"WebSite\",\"@id\":\"https:\\\/\\\/brffridhem20.se\\\/#website\",\"url\":\"https:\\\/\\\/brffridhem20.se\\\/\",\"name\":\"Brf Fridhem 20\",\"description\":\"Bostadsr\u00e4ttsf\u00f6reningen Fridhem 20 i Malm\u00f6\",\"potentialAction\":[{\"@type\":\"SearchAction\",\"target\":{\"@type\":\"EntryPoint\",\"urlTemplate\":\"https:\\\/\\\/brffridhem20.se\\\/?s={search_term_string}\"},\"query-input\":{\"@type\":\"PropertyValueSpecification\",\"valueRequired\":true,\"valueName\":\"search_term_string\"}}],\"inLanguage\":\"sv-SE\"}]}<\/script>\n<!-- \/ Yoast SEO plugin. -->","yoast_head_json":{"title":"Trivselregler - Brf Fridhem 20","robots":{"index":"index","follow":"follow","max-snippet":"max-snippet:-1","max-image-preview":"max-image-preview:large","max-video-preview":"max-video-preview:-1"},"canonical":"https:\/\/brffridhem20.se\/?page_id=268","og_locale":"sv_SE","og_type":"article","og_title":"Trivselregler - Brf Fridhem 20","og_description":"Brf Fridhem 20 - F\u00f6r dig som boende TrivselreglerViktigt att k\u00e4nna till v\u00e5ra trivselregler. Som medlem \u00e4r man skyldig att f\u00f6lja f\u00f6reningens trivselregler. Dessa \u00e4r till f\u00f6r att skapa ordning, s\u00e5 att vi alla ska kunna trivas med v\u00e5rt boende och v\u00e5ra grannar. Ladda ner aktuell version av trivselreglerna i pdf-format via knappen . Det [&hellip;]","og_url":"https:\/\/brffridhem20.se\/?page_id=268","og_site_name":"Brf Fridhem 20","article_modified_time":"2022-08-09T11:39:36+00:00","twitter_card":"summary_large_image","schema":{"@context":"https:\/\/schema.org","@graph":[{"@type":"WebPage","@id":"https:\/\/brffridhem20.se\/?page_id=268","url":"https:\/\/brffridhem20.se\/?page_id=268","name":"Trivselregler - Brf Fridhem 20","isPartOf":{"@id":"https:\/\/brffridhem20.se\/#website"},"datePublished":"2022-08-08T19:49:26+00:00","dateModified":"2022-08-09T11:39:36+00:00","breadcrumb":{"@id":"https:\/\/brffridhem20.se\/?page_id=268#breadcrumb"},"inLanguage":"sv-SE","potentialAction":[{"@type":"ReadAction","target":["https:\/\/brffridhem20.se\/?page_id=268"]}]},{"@type":"BreadcrumbList","@id":"https:\/\/brffridhem20.se\/?page_id=268#breadcrumb","itemListElement":[{"@type":"ListItem","position":1,"name":"Home","item":"https:\/\/brffridhem20.se\/"},{"@type":"ListItem","position":2,"name":"Trivselregler"}]},{"@type":"WebSite","@id":"https:\/\/brffridhem20.se\/#website","url":"https:\/\/brffridhem20.se\/","name":"Brf Fridhem 20","description":"Bostadsr\u00e4ttsf\u00f6reningen Fridhem 20 i Malm\u00f6","potentialAction":[{"@type":"SearchAction","target":{"@type":"EntryPoint","urlTemplate":"https:\/\/brffridhem20.se\/?s={search_term_string}"},"query-input":{"@type":"PropertyValueSpecification","valueRequired":true,"valueName":"search_term_string"}}],"inLanguage":"sv-SE"}]}},"_links":{"self":[{"href":"https:\/\/brffridhem20.se\/index.php?rest_route=\/wp\/v2\/pages\/268","targetHints":{"allow":["GET"]}}],"collection":[{"href":"https:\/\/brffridhem20.se\/index.php?rest_route=\/wp\/v2\/pages"}],"about":[{"href":"https:\/\/brffridhem20.se\/index.php?rest_route=\/wp\/v2\/types\/page"}],"author":[{"embeddable":true,"href":"https:\/\/brffridhem20.se\/index.php?rest_route=\/wp\/v2\/users\/3"}],"replies":[{"embeddable":true,"href":"https:\/\/brffridhem20.se\/index.php?rest_route=%2Fwp%2Fv2%2Fcomments&post=268"}],"version-history":[{"count":5,"href":"https:\/\/brffridhem20.se\/index.php?rest_route=\/wp\/v2\/pages\/268\/revisions"}],"predecessor-version":[{"id":285,"href":"https:\/\/brffridhem20.se\/index.php?rest_route=\/wp\/v2\/pages\/268\/revisions\/285"}],"wp:attachment":[{"href":"https:\/\/brffridhem20.se\/index.php?rest_route=%2Fwp%2Fv2%2Fmedia&parent=268"}],"curies":[{"name":"wp","href":"https:\/\/api.w.org\/{rel}","templated":true}]}}