{"id":246,"date":"2022-08-04T18:42:42","date_gmt":"2022-08-04T16:42:42","guid":{"rendered":"https:\/\/brffridhem20.se\/?page_id=246"},"modified":"2022-10-23T22:15:51","modified_gmt":"2022-10-23T20:15:51","slug":"sakerhet","status":"publish","type":"page","link":"https:\/\/brffridhem20.se\/?page_id=246","title":{"rendered":"S\u00e4kerhet"},"content":{"rendered":"<p>[et_pb_section fb_built=&#8221;1&#8243; _builder_version=&#8221;4.16.1&#8243; _module_preset=&#8221;default&#8221; use_background_color_gradient=&#8221;on&#8221; background_color_gradient_stops=&#8221;rgba(0,0,0,0.38) 1%|rgba(0,0,0,0.4) 99%&#8221; background_color_gradient_overlays_image=&#8221;on&#8221; background_image=&#8221;https:\/\/brffridhem20.se\/wp-content\/uploads\/2022\/04\/BRF-Fridhem-Malmo\u0308-1.jpeg&#8221; max_width=&#8221;97%&#8221; module_alignment=&#8221;center&#8221; custom_padding=&#8221;195px||195px||true|false&#8221; border_width_bottom=&#8221;6px&#8221; border_color_bottom=&#8221;#C0D6C5&#8243; global_colors_info=&#8221;{}&#8221;][\/et_pb_section][et_pb_section fb_built=&#8221;1&#8243; _builder_version=&#8221;4.16.1&#8243; _module_preset=&#8221;default&#8221; custom_padding=&#8221;84px||84px||true|&#8221; global_colors_info=&#8221;{}&#8221;][et_pb_row column_structure=&#8221;3_4,1_4&#8243; _builder_version=&#8221;4.16.1&#8243; _module_preset=&#8221;default&#8221; global_colors_info=&#8221;{}&#8221;][et_pb_column type=&#8221;3_4&#8243; _builder_version=&#8221;4.16.1&#8243; _module_preset=&#8221;default&#8221; global_colors_info=&#8221;{}&#8221;][et_pb_text _builder_version=&#8221;4.16.1&#8243; _module_preset=&#8221;default&#8221; header_font_size=&#8221;45px&#8221; header_line_height=&#8221;1.7em&#8221; header_3_font=&#8221;|||on|||||&#8221; header_3_text_color=&#8221;#33633D&#8221; header_3_font_size=&#8221;16px&#8221; global_colors_info=&#8221;{}&#8221;]<\/p>\n<h3><span>Brf Fridhem 20 &#8211; F\u00f6r dig som boende<\/span><\/h3>\n<h1><span>S\u00e4kerhet<\/span><\/h1>\n<p><strong>Skalskydd:<\/strong><strong><\/strong><\/p>\n<p>Se till att skalskyddet fungerar, l\u00e4mna inga d\u00f6rrar \u00f6ppna s\u00e5 att obeh\u00f6riga kan ta sig in.<\/p>\n<p>Sl\u00e4pp inte in ok\u00e4nda personer i fastigheten.\u00a0<\/p>\n<p>&nbsp;<\/p>\n<p><strong>Brandskydd:<\/strong><\/p>\n<p>St\u00e4ll ingenting i de allm\u00e4nna utrymmena som kan st\u00e5 iv\u00e4gen vid eventuell utrymning. Varken cyklar, barnvagnar, sopor, d\u00f6rrmattor, d\u00f6rrkransar, emballage eller annat br\u00e4nnbart.<\/p>\n<p><span style=\"font-size: 14px;\"><span>T\u00e4nk p\u00e5 var du placerar dina levande ljus, se till att de inte st\u00e5r f\u00f6r n\u00e4ra gardiner och andra br\u00e4nnbara objekt. L<\/span>\u00e4mna aldrig stearinljus obevakade. <\/span><\/p>\n<p><span style=\"font-size: 14px;\">Att kasta fimpar m.m. fr\u00e5n f\u00f6nster och balkonger \u00e4r <\/span><span style=\"font-size: 14px; text-decoration-line: underline;\">inte<\/span><span style=\"font-size: 14px;\"> till\u00e5tet.<\/span><\/p>\n<p><span style=\"font-size: 14px;\">MSB (<span>Myndigheten f\u00f6r samh\u00e4llsskydd och beredskap)<\/span> rekommenderar att varje bostad ska ha en pulversl\u00e4ckare p\u00e5 minst 6 kilo och <span>minst en brandfilt som b\u00f6r vara 120 x 180 cm.<\/span><\/span><\/p>\n<p>Bra och viktig l\u00e4sning p\u00e5 R\u00e4ddningstj\u00e4nsten Syd\u00b4s hemsida <span>vad du kan g\u00f6ra om det b\u00f6rjar brinna, om du k\u00e4nner r\u00f6klukt eller h\u00f6r en brandvarnare larma<\/span>: <a href=\"https:\/\/www.rsyd.se\/vid-olyckor\/brand\/\"><span style=\"text-decoration: underline;\">https:\/\/www.rsyd.se\/vid-olyckor\/brand\/<\/span>.<\/a><span><\/span><\/p>\n<p>&nbsp;<\/p>\n<p><strong>Brandvarnare:<\/strong><\/p>\n<p><span>Din l\u00e4genhet ska vara utrustad med en brandvarnare. Som boende\u00a0\u00e4r du ansvarig f\u00f6r att byta batteri och testa brandvarnaren regelbundet.<\/span><\/p>\n<p><span><\/span><\/p>\n<p><span><\/span><\/p>\n<p><span><\/span><strong>Hemf\u00f6rs\u00e4kring:<\/strong><\/p>\n<p><span><\/span>Det \u00e4r j\u00e4tteviktigt att du tecknar en hemf\u00f6rs\u00e4kring.<\/p>\n<p>Du beh\u00f6ver dock inte teckna bostadsr\u00e4ttstill\u00e4gg via din hemf\u00f6rs\u00e4kring. Detta d\u00e5 det redan ing\u00e5r ett kollektivt bostadsr\u00e4ttstill\u00e4gg via f\u00f6reningens fastighetsf\u00f6rs\u00e4kring <span>hos L\u00e4nsf\u00f6rs\u00e4kringar<\/span>.<\/p>\n<p><strong><\/strong><\/p>\n<p><strong><\/strong><\/p>\n<p><span><\/span><\/p>\n<p>&nbsp;<\/p>\n<p><span><\/span><\/p>\n<p>[\/et_pb_text][\/et_pb_column][et_pb_column type=&#8221;1_4&#8243; _builder_version=&#8221;4.16.1&#8243; _module_preset=&#8221;default&#8221; global_colors_info=&#8221;{}&#8221;][\/et_pb_column][\/et_pb_row][\/et_pb_section]<\/p>\n","protected":false},"excerpt":{"rendered":"<p>Brf Fridhem 20 &#8211; F\u00f6r dig som boende S\u00e4kerhet Skalskydd: Se till att skalskyddet fungerar, l\u00e4mna inga d\u00f6rrar \u00f6ppna s\u00e5 att obeh\u00f6riga kan ta sig in. Sl\u00e4pp inte in ok\u00e4nda personer i fastigheten.\u00a0 &nbsp; Brandskydd: St\u00e4ll ingenting i de allm\u00e4nna utrymmena som kan st\u00e5 iv\u00e4gen vid eventuell utrymning. Varken cyklar, barnvagnar, sopor, d\u00f6rrmattor, d\u00f6rrkransar, emballage [&hellip;]<\/p>\n","protected":false},"author":3,"featured_media":0,"parent":0,"menu_order":0,"comment_status":"closed","ping_status":"closed","template":"","meta":{"_et_pb_use_builder":"on","_et_pb_old_content":"","_et_gb_content_width":"","footnotes":""},"class_list":["post-246","page","type-page","status-publish","hentry"],"yoast_head":"<!-- This site is optimized with the Yoast SEO plugin v27.5 - https:\/\/yoast.com\/product\/yoast-seo-wordpress\/ -->\n<title>S\u00e4kerhet - Brf Fridhem 20<\/title>\n<meta name=\"robots\" content=\"index, follow, max-snippet:-1, max-image-preview:large, max-video-preview:-1\" \/>\n<link rel=\"canonical\" href=\"https:\/\/brffridhem20.se\/?page_id=246\" \/>\n<meta property=\"og:locale\" content=\"sv_SE\" \/>\n<meta property=\"og:type\" content=\"article\" \/>\n<meta property=\"og:title\" content=\"S\u00e4kerhet - Brf Fridhem 20\" \/>\n<meta property=\"og:description\" content=\"Brf Fridhem 20 - F\u00f6r dig som boende S\u00e4kerhet Skalskydd: Se till att skalskyddet fungerar, l\u00e4mna inga d\u00f6rrar \u00f6ppna s\u00e5 att obeh\u00f6riga kan ta sig in. Sl\u00e4pp inte in ok\u00e4nda personer i fastigheten.\u00a0 &nbsp; Brandskydd: St\u00e4ll ingenting i de allm\u00e4nna utrymmena som kan st\u00e5 iv\u00e4gen vid eventuell utrymning. Varken cyklar, barnvagnar, sopor, d\u00f6rrmattor, d\u00f6rrkransar, emballage [&hellip;]\" \/>\n<meta property=\"og:url\" content=\"https:\/\/brffridhem20.se\/?page_id=246\" \/>\n<meta property=\"og:site_name\" content=\"Brf Fridhem 20\" \/>\n<meta property=\"article:modified_time\" content=\"2022-10-23T20:15:51+00:00\" \/>\n<meta name=\"twitter:card\" content=\"summary_large_image\" \/>\n<meta name=\"twitter:label1\" content=\"Ber\u00e4knad l\u00e4stid\" \/>\n\t<meta name=\"twitter:data1\" content=\"1 minut\" \/>\n<script type=\"application\/ld+json\" class=\"yoast-schema-graph\">{\"@context\":\"https:\\\/\\\/schema.org\",\"@graph\":[{\"@type\":\"WebPage\",\"@id\":\"https:\\\/\\\/brffridhem20.se\\\/?page_id=246\",\"url\":\"https:\\\/\\\/brffridhem20.se\\\/?page_id=246\",\"name\":\"S\u00e4kerhet - Brf Fridhem 20\",\"isPartOf\":{\"@id\":\"https:\\\/\\\/brffridhem20.se\\\/#website\"},\"datePublished\":\"2022-08-04T16:42:42+00:00\",\"dateModified\":\"2022-10-23T20:15:51+00:00\",\"breadcrumb\":{\"@id\":\"https:\\\/\\\/brffridhem20.se\\\/?page_id=246#breadcrumb\"},\"inLanguage\":\"sv-SE\",\"potentialAction\":[{\"@type\":\"ReadAction\",\"target\":[\"https:\\\/\\\/brffridhem20.se\\\/?page_id=246\"]}]},{\"@type\":\"BreadcrumbList\",\"@id\":\"https:\\\/\\\/brffridhem20.se\\\/?page_id=246#breadcrumb\",\"itemListElement\":[{\"@type\":\"ListItem\",\"position\":1,\"name\":\"Home\",\"item\":\"https:\\\/\\\/brffridhem20.se\\\/\"},{\"@type\":\"ListItem\",\"position\":2,\"name\":\"S\u00e4kerhet\"}]},{\"@type\":\"WebSite\",\"@id\":\"https:\\\/\\\/brffridhem20.se\\\/#website\",\"url\":\"https:\\\/\\\/brffridhem20.se\\\/\",\"name\":\"Brf Fridhem 20\",\"description\":\"Bostadsr\u00e4ttsf\u00f6reningen Fridhem 20 i Malm\u00f6\",\"potentialAction\":[{\"@type\":\"SearchAction\",\"target\":{\"@type\":\"EntryPoint\",\"urlTemplate\":\"https:\\\/\\\/brffridhem20.se\\\/?s={search_term_string}\"},\"query-input\":{\"@type\":\"PropertyValueSpecification\",\"valueRequired\":true,\"valueName\":\"search_term_string\"}}],\"inLanguage\":\"sv-SE\"}]}<\/script>\n<!-- \/ Yoast SEO plugin. -->","yoast_head_json":{"title":"S\u00e4kerhet - Brf Fridhem 20","robots":{"index":"index","follow":"follow","max-snippet":"max-snippet:-1","max-image-preview":"max-image-preview:large","max-video-preview":"max-video-preview:-1"},"canonical":"https:\/\/brffridhem20.se\/?page_id=246","og_locale":"sv_SE","og_type":"article","og_title":"S\u00e4kerhet - Brf Fridhem 20","og_description":"Brf Fridhem 20 - F\u00f6r dig som boende S\u00e4kerhet Skalskydd: Se till att skalskyddet fungerar, l\u00e4mna inga d\u00f6rrar \u00f6ppna s\u00e5 att obeh\u00f6riga kan ta sig in. Sl\u00e4pp inte in ok\u00e4nda personer i fastigheten.\u00a0 &nbsp; Brandskydd: St\u00e4ll ingenting i de allm\u00e4nna utrymmena som kan st\u00e5 iv\u00e4gen vid eventuell utrymning. Varken cyklar, barnvagnar, sopor, d\u00f6rrmattor, d\u00f6rrkransar, emballage [&hellip;]","og_url":"https:\/\/brffridhem20.se\/?page_id=246","og_site_name":"Brf Fridhem 20","article_modified_time":"2022-10-23T20:15:51+00:00","twitter_card":"summary_large_image","twitter_misc":{"Ber\u00e4knad l\u00e4stid":"1 minut"},"schema":{"@context":"https:\/\/schema.org","@graph":[{"@type":"WebPage","@id":"https:\/\/brffridhem20.se\/?page_id=246","url":"https:\/\/brffridhem20.se\/?page_id=246","name":"S\u00e4kerhet - Brf Fridhem 20","isPartOf":{"@id":"https:\/\/brffridhem20.se\/#website"},"datePublished":"2022-08-04T16:42:42+00:00","dateModified":"2022-10-23T20:15:51+00:00","breadcrumb":{"@id":"https:\/\/brffridhem20.se\/?page_id=246#breadcrumb"},"inLanguage":"sv-SE","potentialAction":[{"@type":"ReadAction","target":["https:\/\/brffridhem20.se\/?page_id=246"]}]},{"@type":"BreadcrumbList","@id":"https:\/\/brffridhem20.se\/?page_id=246#breadcrumb","itemListElement":[{"@type":"ListItem","position":1,"name":"Home","item":"https:\/\/brffridhem20.se\/"},{"@type":"ListItem","position":2,"name":"S\u00e4kerhet"}]},{"@type":"WebSite","@id":"https:\/\/brffridhem20.se\/#website","url":"https:\/\/brffridhem20.se\/","name":"Brf Fridhem 20","description":"Bostadsr\u00e4ttsf\u00f6reningen Fridhem 20 i Malm\u00f6","potentialAction":[{"@type":"SearchAction","target":{"@type":"EntryPoint","urlTemplate":"https:\/\/brffridhem20.se\/?s={search_term_string}"},"query-input":{"@type":"PropertyValueSpecification","valueRequired":true,"valueName":"search_term_string"}}],"inLanguage":"sv-SE"}]}},"_links":{"self":[{"href":"https:\/\/brffridhem20.se\/index.php?rest_route=\/wp\/v2\/pages\/246","targetHints":{"allow":["GET"]}}],"collection":[{"href":"https:\/\/brffridhem20.se\/index.php?rest_route=\/wp\/v2\/pages"}],"about":[{"href":"https:\/\/brffridhem20.se\/index.php?rest_route=\/wp\/v2\/types\/page"}],"author":[{"embeddable":true,"href":"https:\/\/brffridhem20.se\/index.php?rest_route=\/wp\/v2\/users\/3"}],"replies":[{"embeddable":true,"href":"https:\/\/brffridhem20.se\/index.php?rest_route=%2Fwp%2Fv2%2Fcomments&post=246"}],"version-history":[{"count":6,"href":"https:\/\/brffridhem20.se\/index.php?rest_route=\/wp\/v2\/pages\/246\/revisions"}],"predecessor-version":[{"id":360,"href":"https:\/\/brffridhem20.se\/index.php?rest_route=\/wp\/v2\/pages\/246\/revisions\/360"}],"wp:attachment":[{"href":"https:\/\/brffridhem20.se\/index.php?rest_route=%2Fwp%2Fv2%2Fmedia&parent=246"}],"curies":[{"name":"wp","href":"https:\/\/api.w.org\/{rel}","templated":true}]}}