{"id":100,"date":"2022-04-07T13:28:15","date_gmt":"2022-04-07T11:28:15","guid":{"rendered":"https:\/\/brffridhem20.se\/?page_id=100"},"modified":"2022-07-22T18:51:15","modified_gmt":"2022-07-22T16:51:15","slug":"lagenhetsnummer","status":"publish","type":"page","link":"https:\/\/brffridhem20.se\/?page_id=100","title":{"rendered":"L\u00e4genhetsnummer"},"content":{"rendered":"<p>[et_pb_section fb_built=&#8221;1&#8243; _builder_version=&#8221;4.16.1&#8243; _module_preset=&#8221;default&#8221; use_background_color_gradient=&#8221;on&#8221; background_color_gradient_stops=&#8221;rgba(0,0,0,0.38) 1%|rgba(0,0,0,0.4) 99%&#8221; background_color_gradient_overlays_image=&#8221;on&#8221; background_image=&#8221;https:\/\/brffridhem20.se\/wp-content\/uploads\/2022\/04\/BRF-Fridhem-Malmo\u0308-1.jpeg&#8221; max_width=&#8221;97%&#8221; module_alignment=&#8221;center&#8221; custom_padding=&#8221;195px||195px||true|false&#8221; border_width_bottom=&#8221;6px&#8221; border_color_bottom=&#8221;#C0D6C5&#8243; global_colors_info=&#8221;{}&#8221;][\/et_pb_section][et_pb_section fb_built=&#8221;1&#8243; _builder_version=&#8221;4.16.1&#8243; _module_preset=&#8221;default&#8221; custom_padding=&#8221;84px||84px||true|&#8221; global_colors_info=&#8221;{}&#8221;][et_pb_row column_structure=&#8221;3_4,1_4&#8243; _builder_version=&#8221;4.16.1&#8243; _module_preset=&#8221;default&#8221; global_colors_info=&#8221;{}&#8221;][et_pb_column type=&#8221;3_4&#8243; _builder_version=&#8221;4.16.1&#8243; _module_preset=&#8221;default&#8221; global_colors_info=&#8221;{}&#8221;][et_pb_text _builder_version=&#8221;4.16.1&#8243; _module_preset=&#8221;default&#8221; header_font_size=&#8221;45px&#8221; header_line_height=&#8221;1.7em&#8221; header_3_font=&#8221;|||on|||||&#8221; header_3_text_color=&#8221;#33633D&#8221; header_3_font_size=&#8221;16px&#8221; hover_enabled=&#8221;0&#8243; global_colors_info=&#8221;{}&#8221; sticky_enabled=&#8221;0&#8243;]<\/p>\n<h3><span>Brf Fridhem 20 &#8211; F\u00f6r dig som boende<\/span><\/h3>\n<h1><span>L\u00e4genhetsnummer<\/span><\/h1>\n<p><strong><\/strong><\/p>\n<p><strong>Lghnr:\u00a0 \u00a0 \u00a0 \u00a0 \u00a0 \u00a0Lantm\u00e4t nr:\u00a0 \u00a0 \u00a0 Adress:\u00a0 \u00a0 \u00a0 \u00a0 \u00a0 \u00a0 \u00a0 \u00a0 \u00a0 \u00a0 \u00a0 \u00a0 \u00a0 \u00a0 Typ:\u00a0 \u00a0 \u00a0 V\u00e5ning:\u00a0\u00a0\u00a0Storlek:<\/strong><\/p>\n<p>70002,\u00a0 \u00a0 \u00a0 \u00a0 \u00a0 \u00a0 1004,\u00a0 \u00a0 \u00a0 \u00a0 \u00a0 \u00a0 \u00a0 \u00a0 \u00a0 \u00a0Fridhemstorget 20 B,\u00a0 \u00a01 rok,\u00a0 \u00a0 bv,\u00a0 \u00a0 \u00a0 \u00a0 \u00a0 \u00a0 \u00a044 m2<\/p>\n<p>70003,\u00a0 \u00a0 \u00a0 \u00a0 \u00a0 \u00a0 1003,\u00a0 \u00a0 \u00a0 \u00a0 \u00a0 \u00a0 \u00a0 \u00a0 \u00a0 \u00a0Fridhemstorget 20 B,\u00a0 \u00a02 rok,\u00a0 \u00a0 bv,\u00a0 \u00a0 \u00a0 \u00a0 \u00a0 \u00a0 \u00a055 m2<\/p>\n<p>70005,\u00a0 \u00a0 \u00a0 \u00a0 \u00a0 \u00a0 1002,\u00a0 \u00a0 \u00a0 \u00a0 \u00a0 \u00a0 \u00a0 \u00a0 \u00a0 \u00a0Fridhemstorget 20 B,\u00a0 \u00a02 rok,\u00a0 \u00a0 bv,\u00a0 \u00a0 \u00a0 \u00a0 \u00a0 \u00a0 \u00a062 m2\u00a0<\/p>\n<p>70006,\u00a0 \u00a0 \u00a0 \u00a0 \u00a0 \u00a0 1003,\u00a0 \u00a0 \u00a0 \u00a0 \u00a0 \u00a0 \u00a0 \u00a0 \u00a0 \u00a0Fridhemstorget 20 A,\u00a0 \u00a03 rok,\u00a0 \u00a0 bv,\u00a0 \u00a0 \u00a0 \u00a0 \u00a0 \u00a0 \u00a089 m2<\/p>\n<p>70007,\u00a0 \u00a0 \u00a0 \u00a0 \u00a0 \u00a0 1501,\u00a0 \u00a0 \u00a0 \u00a0 \u00a0 \u00a0 \u00a0 \u00a0 \u00a0 \u00a0Fridhemstorget 20 A,\u00a0 \u00a03 rok,\u00a0 \u00a0 5,\u00a0 \u00a0 \u00a0 \u00a0 \u00a0 \u00a0 \u00a0 \u00a083 m2\u00a0<\/p>\n<p>70008,\u00a0 \u00a0 \u00a0 \u00a0 \u00a0 \u00a0 1001,\u00a0 \u00a0 \u00a0 \u00a0 \u00a0 \u00a0 \u00a0 \u00a0 \u00a0 \u00a0Fridhemstorget 20 A,\u00a0 \u00a01 rok,\u00a0 \u00a0 bv,\u00a0 \u00a0 \u00a0 \u00a0 \u00a0 \u00a0 \u00a041 m2\u00a0<\/p>\n<p>70009,\u00a0 \u00a0 \u00a0 \u00a0 \u00a0 \u00a0 1002,\u00a0 \u00a0 \u00a0 \u00a0 \u00a0 \u00a0 \u00a0 \u00a0 \u00a0 \u00a0Fridhemstorget 20 A,\u00a0 \u00a03 rok,\u00a0 \u00a0 bv,\u00a0 \u00a0 \u00a0 \u00a0 \u00a0 \u00a0 \u00a077 m2\u00a0<\/p>\n<p>70010,\u00a0 \u00a0 \u00a0 \u00a0 \u00a0 \u00a0 1102,\u00a0 \u00a0 \u00a0 \u00a0 \u00a0 \u00a0 \u00a0 \u00a0 \u00a0 \u00a0Fridhemstorget 20 B,\u00a0 \u00a04 rok,\u00a0 \u00a0 1,\u00a0 \u00a0 \u00a0 \u00a0 \u00a0 \u00a0 \u00a0 \u00a0106 m2\u00a0<\/p>\n<p>70011,\u00a0 \u00a0 \u00a0 \u00a0 \u00a0 \u00a0 1101,\u00a0 \u00a0 \u00a0 \u00a0 \u00a0 \u00a0 \u00a0 \u00a0 \u00a0 \u00a0Fridhemstorget 20 B,\u00a0 \u00a02 rok,\u00a0 \u00a0 1,\u00a0 \u00a0 \u00a0 \u00a0 \u00a0 \u00a0 \u00a0 \u00a045 m2\u00a0<\/p>\n<p>70012,\u00a0 \u00a0 \u00a0 \u00a0 \u00a0 \u00a0 1103,\u00a0 \u00a0 \u00a0 \u00a0 \u00a0 \u00a0 \u00a0 \u00a0 \u00a0 \u00a0Fridhemstorget 20 B,\u00a0 \u00a02 rok,\u00a0 \u00a0 1,\u00a0 \u00a0 \u00a0 \u00a0 \u00a0 \u00a0 \u00a0 \u00a055 m2\u00a0<\/p>\n<p>70013,\u00a0 \u00a0 \u00a0 \u00a0 \u00a0 \u00a0 1104,\u00a0 \u00a0 \u00a0 \u00a0 \u00a0 \u00a0 \u00a0 \u00a0 \u00a0 \u00a0Fridhemstorget 20 B,\u00a0 \u00a02 rok,\u00a0 \u00a0 1,\u00a0 \u00a0 \u00a0 \u00a0 \u00a0 \u00a0 \u00a0 \u00a062 m2\u00a0<\/p>\n<p>70014,\u00a0 \u00a0 \u00a0 \u00a0 \u00a0 \u00a0 1101,\u00a0 \u00a0 \u00a0 \u00a0 \u00a0 \u00a0 \u00a0 \u00a0 \u00a0 \u00a0Fridhemstorget 20 A,\u00a0 \u00a02 rok,\u00a0 \u00a0 1,\u00a0 \u00a0 \u00a0 \u00a0 \u00a0 \u00a0 \u00a0 \u00a065 m2\u00a0<\/p>\n<p>70015,\u00a0 \u00a0 \u00a0 \u00a0 \u00a0 \u00a0 1102,\u00a0 \u00a0 \u00a0 \u00a0 \u00a0 \u00a0 \u00a0 \u00a0 \u00a0 \u00a0Fridhemstorget 20 A,\u00a0 \u00a01 rok,\u00a0 \u00a0 1,\u00a0 \u00a0 \u00a0 \u00a0 \u00a0 \u00a0 \u00a0 \u00a039 m2\u00a0<\/p>\n<p>70016,\u00a0 \u00a0 \u00a0 \u00a0 \u00a0 \u00a0 1103,\u00a0 \u00a0 \u00a0 \u00a0 \u00a0 \u00a0 \u00a0 \u00a0 \u00a0 \u00a0Fridhemstorget 20 A,\u00a0 \u00a01 rok,\u00a0 \u00a0 1,\u00a0 \u00a0 \u00a0 \u00a0 \u00a0 \u00a0 \u00a0 \u00a044 m2\u00a0<\/p>\n<p>70017,\u00a0 \u00a0 \u00a0 \u00a0 \u00a0 \u00a0 1104,\u00a0 \u00a0 \u00a0 \u00a0 \u00a0 \u00a0 \u00a0 \u00a0 \u00a0 \u00a0Fridhemstorget 20 A,\u00a0 \u00a03 rok,\u00a0 \u00a0 1,\u00a0 \u00a0 \u00a0 \u00a0 \u00a0 \u00a0 \u00a0 \u00a077 m2\u00a0<\/p>\n<p>70018,\u00a0 \u00a0 \u00a0 \u00a0 \u00a0 \u00a0 1202,\u00a0 \u00a0 \u00a0 \u00a0 \u00a0 \u00a0 \u00a0 \u00a0 \u00a0 \u00a0Fridhemstorget 20 B,\u00a0 \u00a04 rok,\u00a0 \u00a0 2,\u00a0 \u00a0 \u00a0 \u00a0 \u00a0 \u00a0 \u00a0 \u00a0106 m2\u00a0<\/p>\n<p>70019,\u00a0 \u00a0 \u00a0 \u00a0 \u00a0 \u00a0 1201,\u00a0 \u00a0 \u00a0 \u00a0 \u00a0 \u00a0 \u00a0 \u00a0 \u00a0 \u00a0Fridhemstorget 20 B,\u00a0 \u00a02 rok,\u00a0 \u00a0 2,\u00a0 \u00a0 \u00a0 \u00a0 \u00a0 \u00a0 \u00a0 \u00a045 m2\u00a0<\/p>\n<p>70020,\u00a0 \u00a0 \u00a0 \u00a0 \u00a0 \u00a0 1203,\u00a0 \u00a0 \u00a0 \u00a0 \u00a0 \u00a0 \u00a0 \u00a0 \u00a0 \u00a0Fridhemstorget 20 B,\u00a0 \u00a02 rok,\u00a0 \u00a0 2,\u00a0 \u00a0 \u00a0 \u00a0 \u00a0 \u00a0 \u00a0 \u00a055 m2\u00a0<\/p>\n<p>70021,\u00a0 \u00a0 \u00a0 \u00a0 \u00a0 \u00a0 1204,\u00a0 \u00a0 \u00a0 \u00a0 \u00a0 \u00a0 \u00a0 \u00a0 \u00a0 \u00a0Fridhemstorget 20 B,\u00a0 \u00a02 rok,\u00a0 \u00a0 2,\u00a0 \u00a0 \u00a0 \u00a0 \u00a0 \u00a0 \u00a0 \u00a062 m2\u00a0<\/p>\n<p>70022,\u00a0 \u00a0 \u00a0 \u00a0 \u00a0 \u00a0 1201,\u00a0 \u00a0 \u00a0 \u00a0 \u00a0 \u00a0 \u00a0 \u00a0 \u00a0 \u00a0Fridhemstorget 20 A,\u00a0 \u00a02 rok,\u00a0 \u00a0 2,\u00a0 \u00a0 \u00a0 \u00a0 \u00a0 \u00a0 \u00a0 \u00a065 m2\u00a0<\/p>\n<p>70023,\u00a0 \u00a0 \u00a0 \u00a0 \u00a0 \u00a0 1202,\u00a0 \u00a0 \u00a0 \u00a0 \u00a0 \u00a0 \u00a0 \u00a0 \u00a0 \u00a0Fridhemstorget 20 A,\u00a0 \u00a01 rok,\u00a0 \u00a0 2,\u00a0 \u00a0 \u00a0 \u00a0 \u00a0 \u00a0 \u00a0 \u00a039 m2\u00a0<\/p>\n<p>70024,\u00a0 \u00a0 \u00a0 \u00a0 \u00a0 \u00a0 1203,\u00a0 \u00a0 \u00a0 \u00a0 \u00a0 \u00a0 \u00a0 \u00a0 \u00a0 \u00a0Fridhemstorget 20 A,\u00a0 \u00a01 rok,\u00a0 \u00a0 2,\u00a0 \u00a0 \u00a0 \u00a0 \u00a0 \u00a0 \u00a0 \u00a044 m2\u00a0<\/p>\n<p>70025,\u00a0 \u00a0 \u00a0 \u00a0 \u00a0 \u00a0 1204,\u00a0 \u00a0 \u00a0 \u00a0 \u00a0 \u00a0 \u00a0 \u00a0 \u00a0 \u00a0Fridhemstorget 20 A,\u00a0 \u00a03 rok,\u00a0 \u00a0 2,\u00a0 \u00a0 \u00a0 \u00a0 \u00a0 \u00a0 \u00a0 \u00a077 m2\u00a0<\/p>\n<p>70026,\u00a0 \u00a0 \u00a0 \u00a0 \u00a0 \u00a0 1302,\u00a0 \u00a0 \u00a0 \u00a0 \u00a0 \u00a0 \u00a0 \u00a0 \u00a0 \u00a0Fridhemstorget 20 B,\u00a0 \u00a04 rok,\u00a0 \u00a0 3,\u00a0 \u00a0 \u00a0 \u00a0 \u00a0 \u00a0 \u00a0 \u00a0106 m2\u00a0<\/p>\n<p>70027,\u00a0 \u00a0 \u00a0 \u00a0 \u00a0 \u00a0 1301,\u00a0 \u00a0 \u00a0 \u00a0 \u00a0 \u00a0 \u00a0 \u00a0 \u00a0 \u00a0Fridhemstorget 20 B,\u00a0 \u00a02 rok,\u00a0 \u00a0 3,\u00a0 \u00a0 \u00a0 \u00a0 \u00a0 \u00a0 \u00a0 \u00a045 m2\u00a0<\/p>\n<p>70028,\u00a0 \u00a0 \u00a0 \u00a0 \u00a0 \u00a0 1303,\u00a0 \u00a0 \u00a0 \u00a0 \u00a0 \u00a0 \u00a0 \u00a0 \u00a0 \u00a0Fridhemstorget 20 B,\u00a0 \u00a02 rok,\u00a0 \u00a0 3,\u00a0 \u00a0 \u00a0 \u00a0 \u00a0 \u00a0 \u00a0 \u00a055 m2\u00a0<\/p>\n<p>70029,\u00a0 \u00a0 \u00a0 \u00a0 \u00a0 \u00a0 1304,\u00a0 \u00a0 \u00a0 \u00a0 \u00a0 \u00a0 \u00a0 \u00a0 \u00a0 \u00a0Fridhemstorget 20 B,\u00a0 \u00a02 rok,\u00a0 \u00a0 3,\u00a0 \u00a0 \u00a0 \u00a0 \u00a0 \u00a0 \u00a0 \u00a062 m2\u00a0<\/p>\n<p>70030,\u00a0 \u00a0 \u00a0 \u00a0 \u00a0 \u00a0 1301,\u00a0 \u00a0 \u00a0 \u00a0 \u00a0 \u00a0 \u00a0 \u00a0 \u00a0 \u00a0Fridhemstorget 20 A,\u00a0 \u00a02 rok,\u00a0 \u00a0 3,\u00a0 \u00a0 \u00a0 \u00a0 \u00a0 \u00a0 \u00a0 \u00a065 m2<\/p>\n<p>70031,\u00a0 \u00a0 \u00a0 \u00a0 \u00a0 \u00a0 1302,\u00a0 \u00a0 \u00a0 \u00a0 \u00a0 \u00a0 \u00a0 \u00a0 \u00a0 \u00a0Fridhemstorget 20 A,\u00a0 \u00a01 rok,\u00a0 \u00a0 3,\u00a0 \u00a0 \u00a0 \u00a0 \u00a0 \u00a0 \u00a0 \u00a039 m2\u00a0<\/p>\n<p>70032,\u00a0 \u00a0 \u00a0 \u00a0 \u00a0 \u00a0 1303,\u00a0 \u00a0 \u00a0 \u00a0 \u00a0 \u00a0 \u00a0 \u00a0 \u00a0 \u00a0Fridhemstorget 20 A,\u00a0 \u00a01 rok,\u00a0 \u00a0 3,\u00a0 \u00a0 \u00a0 \u00a0 \u00a0 \u00a0 \u00a0 \u00a044 m2\u00a0<\/p>\n<p>70033,\u00a0 \u00a0 \u00a0 \u00a0 \u00a0 \u00a0 1304,\u00a0 \u00a0 \u00a0 \u00a0 \u00a0 \u00a0 \u00a0 \u00a0 \u00a0 \u00a0Fridhemstorget 20 A,\u00a0 \u00a03 rok,\u00a0 \u00a0 3,\u00a0 \u00a0 \u00a0 \u00a0 \u00a0 \u00a0 \u00a0 \u00a077 m2\u00a0<\/p>\n<p>70034,\u00a0 \u00a0 \u00a0 \u00a0 \u00a0 \u00a0 1402,\u00a0 \u00a0 \u00a0 \u00a0 \u00a0 \u00a0 \u00a0 \u00a0 \u00a0 \u00a0Fridhemstorget 20 B,\u00a0 \u00a04 rok,\u00a0 \u00a0 4,\u00a0 \u00a0 \u00a0 \u00a0 \u00a0 \u00a0 \u00a0 \u00a0106 m2\u00a0<\/p>\n<p>70035,\u00a0 \u00a0 \u00a0 \u00a0 \u00a0 \u00a0 1401,\u00a0 \u00a0 \u00a0 \u00a0 \u00a0 \u00a0 \u00a0 \u00a0 \u00a0 \u00a0Fridhemstorget 20 B,\u00a0 \u00a02 rok,\u00a0 \u00a0 4,\u00a0 \u00a0 \u00a0 \u00a0 \u00a0 \u00a0 \u00a0 \u00a045 m2\u00a0<\/p>\n<p>70036,\u00a0 \u00a0 \u00a0 \u00a0 \u00a0 \u00a0 1403,\u00a0 \u00a0 \u00a0 \u00a0 \u00a0 \u00a0 \u00a0 \u00a0 \u00a0 \u00a0Fridhemstorget 20 B,\u00a0 \u00a02 rok,\u00a0 \u00a0 4,\u00a0 \u00a0 \u00a0 \u00a0 \u00a0 \u00a0 \u00a0 \u00a055 m2\u00a0<\/p>\n<p>70037,\u00a0 \u00a0 \u00a0 \u00a0 \u00a0 \u00a0 1404,\u00a0 \u00a0 \u00a0 \u00a0 \u00a0 \u00a0 \u00a0 \u00a0 \u00a0 \u00a0Fridhemstorget 20 B,\u00a0 \u00a02 rok,\u00a0 \u00a0 4,\u00a0 \u00a0 \u00a0 \u00a0 \u00a0 \u00a0 \u00a0 \u00a062 m2\u00a0<\/p>\n<p>70038,\u00a0 \u00a0 \u00a0 \u00a0 \u00a0 \u00a0 1401,\u00a0 \u00a0 \u00a0 \u00a0 \u00a0 \u00a0 \u00a0 \u00a0 \u00a0 \u00a0Fridhemstorget 20 A,\u00a0 \u00a02 rok,\u00a0 \u00a0 4,\u00a0 \u00a0 \u00a0 \u00a0 \u00a0 \u00a0 \u00a0 \u00a065 m2\u00a0<\/p>\n<p>70039,\u00a0 \u00a0 \u00a0 \u00a0 \u00a0 \u00a0 1402,\u00a0 \u00a0 \u00a0 \u00a0 \u00a0 \u00a0 \u00a0 \u00a0 \u00a0 \u00a0Fridhemstorget 20 A,\u00a0 \u00a01 rok,\u00a0 \u00a0 4,\u00a0 \u00a0 \u00a0 \u00a0 \u00a0 \u00a0 \u00a0 \u00a039 m2\u00a0<\/p>\n<p>70040,\u00a0 \u00a0 \u00a0 \u00a0 \u00a0 \u00a0 1403,\u00a0 \u00a0 \u00a0 \u00a0 \u00a0 \u00a0 \u00a0 \u00a0 \u00a0 \u00a0Fridhemstorget 20 A,\u00a0 \u00a01 rok,\u00a0 \u00a0 4,\u00a0 \u00a0 \u00a0 \u00a0 \u00a0 \u00a0 \u00a0 \u00a044 m2\u00a0<\/p>\n<p>70041,\u00a0 \u00a0 \u00a0 \u00a0 \u00a0 \u00a0 1404,\u00a0 \u00a0 \u00a0 \u00a0 \u00a0 \u00a0 \u00a0 \u00a0 \u00a0 \u00a0Fridhemstorget 20 A,\u00a0 \u00a03 rok,\u00a0 \u00a0 4,\u00a0 \u00a0 \u00a0 \u00a0 \u00a0 \u00a0 \u00a0 \u00a077 m2\u00a0<\/p>\n<p>70042,\u00a0 \u00a0 \u00a0 \u00a0 \u00a0 \u00a0 1501,\u00a0 \u00a0 \u00a0 \u00a0 \u00a0 \u00a0 \u00a0 \u00a0 \u00a0 \u00a0Fridhemstorget 20 B,\u00a0 \u00a04 rok,\u00a0 \u00a0 5,\u00a0 \u00a0 \u00a0 \u00a0 \u00a0 \u00a0 \u00a0 \u00a092 m2\u00a0<\/p>\n<p>70043,\u00a0 \u00a0 \u00a0 \u00a0 \u00a0 \u00a0 1502,\u00a0 \u00a0 \u00a0 \u00a0 \u00a0 \u00a0 \u00a0 \u00a0 \u00a0 \u00a0Fridhemstorget 20 B,\u00a0 \u00a05 rok,\u00a0 \u00a0 5,\u00a0 \u00a0 \u00a0 \u00a0 \u00a0 \u00a0 \u00a0 \u00a0136 m2\u00a0<\/p>\n<p>[\/et_pb_text][\/et_pb_column][et_pb_column type=&#8221;1_4&#8243; _builder_version=&#8221;4.16.1&#8243; _module_preset=&#8221;default&#8221; global_colors_info=&#8221;{}&#8221;][\/et_pb_column][\/et_pb_row][\/et_pb_section]<\/p>\n","protected":false},"excerpt":{"rendered":"<p>Brf Fridhem 20 &#8211; F\u00f6r dig som boende L\u00e4genhetsnummer Lghnr:\u00a0 \u00a0 \u00a0 \u00a0 \u00a0 \u00a0Lantm\u00e4t nr:\u00a0 \u00a0 \u00a0 Adress:\u00a0 \u00a0 \u00a0 \u00a0 \u00a0 \u00a0 \u00a0 \u00a0 \u00a0 \u00a0 \u00a0 \u00a0 \u00a0 \u00a0 Typ:\u00a0 \u00a0 \u00a0 V\u00e5ning:\u00a0\u00a0\u00a0Storlek: 70002,\u00a0 \u00a0 \u00a0 \u00a0 \u00a0 \u00a0 1004,\u00a0 \u00a0 \u00a0 \u00a0 \u00a0 \u00a0 \u00a0 \u00a0 \u00a0 \u00a0Fridhemstorget 20 B,\u00a0 \u00a01 [&hellip;]<\/p>\n","protected":false},"author":2,"featured_media":0,"parent":0,"menu_order":0,"comment_status":"closed","ping_status":"closed","template":"","meta":{"_et_pb_use_builder":"on","_et_pb_old_content":"","_et_gb_content_width":"","footnotes":""},"class_list":["post-100","page","type-page","status-publish","hentry"],"yoast_head":"<!-- This site is optimized with the Yoast SEO plugin v27.5 - https:\/\/yoast.com\/product\/yoast-seo-wordpress\/ -->\n<title>L\u00e4genhetsnummer - Brf Fridhem 20<\/title>\n<meta name=\"robots\" content=\"index, follow, max-snippet:-1, max-image-preview:large, max-video-preview:-1\" \/>\n<link rel=\"canonical\" href=\"https:\/\/brffridhem20.se\/?page_id=100\" \/>\n<meta property=\"og:locale\" content=\"sv_SE\" \/>\n<meta property=\"og:type\" content=\"article\" \/>\n<meta property=\"og:title\" content=\"L\u00e4genhetsnummer - Brf Fridhem 20\" \/>\n<meta property=\"og:description\" content=\"Brf Fridhem 20 - F\u00f6r dig som boende L\u00e4genhetsnummer Lghnr:\u00a0 \u00a0 \u00a0 \u00a0 \u00a0 \u00a0Lantm\u00e4t nr:\u00a0 \u00a0 \u00a0 Adress:\u00a0 \u00a0 \u00a0 \u00a0 \u00a0 \u00a0 \u00a0 \u00a0 \u00a0 \u00a0 \u00a0 \u00a0 \u00a0 \u00a0 Typ:\u00a0 \u00a0 \u00a0 V\u00e5ning:\u00a0\u00a0\u00a0Storlek: 70002,\u00a0 \u00a0 \u00a0 \u00a0 \u00a0 \u00a0 1004,\u00a0 \u00a0 \u00a0 \u00a0 \u00a0 \u00a0 \u00a0 \u00a0 \u00a0 \u00a0Fridhemstorget 20 B,\u00a0 \u00a01 [&hellip;]\" \/>\n<meta property=\"og:url\" content=\"https:\/\/brffridhem20.se\/?page_id=100\" \/>\n<meta property=\"og:site_name\" content=\"Brf Fridhem 20\" \/>\n<meta property=\"article:modified_time\" content=\"2022-07-22T16:51:15+00:00\" \/>\n<meta name=\"twitter:card\" content=\"summary_large_image\" \/>\n<script type=\"application\/ld+json\" class=\"yoast-schema-graph\">{\"@context\":\"https:\\\/\\\/schema.org\",\"@graph\":[{\"@type\":\"WebPage\",\"@id\":\"https:\\\/\\\/brffridhem20.se\\\/?page_id=100\",\"url\":\"https:\\\/\\\/brffridhem20.se\\\/?page_id=100\",\"name\":\"L\u00e4genhetsnummer - Brf Fridhem 20\",\"isPartOf\":{\"@id\":\"https:\\\/\\\/brffridhem20.se\\\/#website\"},\"datePublished\":\"2022-04-07T11:28:15+00:00\",\"dateModified\":\"2022-07-22T16:51:15+00:00\",\"breadcrumb\":{\"@id\":\"https:\\\/\\\/brffridhem20.se\\\/?page_id=100#breadcrumb\"},\"inLanguage\":\"sv-SE\",\"potentialAction\":[{\"@type\":\"ReadAction\",\"target\":[\"https:\\\/\\\/brffridhem20.se\\\/?page_id=100\"]}]},{\"@type\":\"BreadcrumbList\",\"@id\":\"https:\\\/\\\/brffridhem20.se\\\/?page_id=100#breadcrumb\",\"itemListElement\":[{\"@type\":\"ListItem\",\"position\":1,\"name\":\"Home\",\"item\":\"https:\\\/\\\/brffridhem20.se\\\/\"},{\"@type\":\"ListItem\",\"position\":2,\"name\":\"L\u00e4genhetsnummer\"}]},{\"@type\":\"WebSite\",\"@id\":\"https:\\\/\\\/brffridhem20.se\\\/#website\",\"url\":\"https:\\\/\\\/brffridhem20.se\\\/\",\"name\":\"Brf Fridhem 20\",\"description\":\"Bostadsr\u00e4ttsf\u00f6reningen Fridhem 20 i Malm\u00f6\",\"potentialAction\":[{\"@type\":\"SearchAction\",\"target\":{\"@type\":\"EntryPoint\",\"urlTemplate\":\"https:\\\/\\\/brffridhem20.se\\\/?s={search_term_string}\"},\"query-input\":{\"@type\":\"PropertyValueSpecification\",\"valueRequired\":true,\"valueName\":\"search_term_string\"}}],\"inLanguage\":\"sv-SE\"}]}<\/script>\n<!-- \/ Yoast SEO plugin. -->","yoast_head_json":{"title":"L\u00e4genhetsnummer - Brf Fridhem 20","robots":{"index":"index","follow":"follow","max-snippet":"max-snippet:-1","max-image-preview":"max-image-preview:large","max-video-preview":"max-video-preview:-1"},"canonical":"https:\/\/brffridhem20.se\/?page_id=100","og_locale":"sv_SE","og_type":"article","og_title":"L\u00e4genhetsnummer - Brf Fridhem 20","og_description":"Brf Fridhem 20 - F\u00f6r dig som boende L\u00e4genhetsnummer Lghnr:\u00a0 \u00a0 \u00a0 \u00a0 \u00a0 \u00a0Lantm\u00e4t nr:\u00a0 \u00a0 \u00a0 Adress:\u00a0 \u00a0 \u00a0 \u00a0 \u00a0 \u00a0 \u00a0 \u00a0 \u00a0 \u00a0 \u00a0 \u00a0 \u00a0 \u00a0 Typ:\u00a0 \u00a0 \u00a0 V\u00e5ning:\u00a0\u00a0\u00a0Storlek: 70002,\u00a0 \u00a0 \u00a0 \u00a0 \u00a0 \u00a0 1004,\u00a0 \u00a0 \u00a0 \u00a0 \u00a0 \u00a0 \u00a0 \u00a0 \u00a0 \u00a0Fridhemstorget 20 B,\u00a0 \u00a01 [&hellip;]","og_url":"https:\/\/brffridhem20.se\/?page_id=100","og_site_name":"Brf Fridhem 20","article_modified_time":"2022-07-22T16:51:15+00:00","twitter_card":"summary_large_image","schema":{"@context":"https:\/\/schema.org","@graph":[{"@type":"WebPage","@id":"https:\/\/brffridhem20.se\/?page_id=100","url":"https:\/\/brffridhem20.se\/?page_id=100","name":"L\u00e4genhetsnummer - Brf Fridhem 20","isPartOf":{"@id":"https:\/\/brffridhem20.se\/#website"},"datePublished":"2022-04-07T11:28:15+00:00","dateModified":"2022-07-22T16:51:15+00:00","breadcrumb":{"@id":"https:\/\/brffridhem20.se\/?page_id=100#breadcrumb"},"inLanguage":"sv-SE","potentialAction":[{"@type":"ReadAction","target":["https:\/\/brffridhem20.se\/?page_id=100"]}]},{"@type":"BreadcrumbList","@id":"https:\/\/brffridhem20.se\/?page_id=100#breadcrumb","itemListElement":[{"@type":"ListItem","position":1,"name":"Home","item":"https:\/\/brffridhem20.se\/"},{"@type":"ListItem","position":2,"name":"L\u00e4genhetsnummer"}]},{"@type":"WebSite","@id":"https:\/\/brffridhem20.se\/#website","url":"https:\/\/brffridhem20.se\/","name":"Brf Fridhem 20","description":"Bostadsr\u00e4ttsf\u00f6reningen Fridhem 20 i Malm\u00f6","potentialAction":[{"@type":"SearchAction","target":{"@type":"EntryPoint","urlTemplate":"https:\/\/brffridhem20.se\/?s={search_term_string}"},"query-input":{"@type":"PropertyValueSpecification","valueRequired":true,"valueName":"search_term_string"}}],"inLanguage":"sv-SE"}]}},"_links":{"self":[{"href":"https:\/\/brffridhem20.se\/index.php?rest_route=\/wp\/v2\/pages\/100","targetHints":{"allow":["GET"]}}],"collection":[{"href":"https:\/\/brffridhem20.se\/index.php?rest_route=\/wp\/v2\/pages"}],"about":[{"href":"https:\/\/brffridhem20.se\/index.php?rest_route=\/wp\/v2\/types\/page"}],"author":[{"embeddable":true,"href":"https:\/\/brffridhem20.se\/index.php?rest_route=\/wp\/v2\/users\/2"}],"replies":[{"embeddable":true,"href":"https:\/\/brffridhem20.se\/index.php?rest_route=%2Fwp%2Fv2%2Fcomments&post=100"}],"version-history":[{"count":6,"href":"https:\/\/brffridhem20.se\/index.php?rest_route=\/wp\/v2\/pages\/100\/revisions"}],"predecessor-version":[{"id":215,"href":"https:\/\/brffridhem20.se\/index.php?rest_route=\/wp\/v2\/pages\/100\/revisions\/215"}],"wp:attachment":[{"href":"https:\/\/brffridhem20.se\/index.php?rest_route=%2Fwp%2Fv2%2Fmedia&parent=100"}],"curies":[{"name":"wp","href":"https:\/\/api.w.org\/{rel}","templated":true}]}}